{"id":3093,"date":"2014-10-17T10:58:26","date_gmt":"2014-10-17T10:58:26","guid":{"rendered":"http:\/\/themes.themegoods.com\/altair\/demo\/?page_id=3093"},"modified":"2021-07-02T14:08:42","modified_gmt":"2021-07-02T17:08:42","slug":"homepage","status":"publish","type":"page","link":"https:\/\/oceanturismo.com.br\/","title":{"rendered":"Homepage"},"content":{"rendered":"<div class=\"one pp_tour_search\" >\n<div class=\"page_content_wrapper\">\n<form id=\"tour_search_form\" name=\"tour_search_form\" method=\"get\" action=\"https:\/\/oceanturismo.com.br\/\">\n<div class=\"tour_search_wrapper\">\n<div class=\"one_fourth\">\n    \t\t<label for=\"keyword\">Destino<\/label><br \/>\n    \t\t<input id=\"keyword\" name=\"keyword\" type=\"text\" placeholder=\"Cidade, regi\u00e3o ou palavras-chave\"\/>\n    \t<\/div>\n<div class=\"one_fourth\">\n    \t\t<label for=\"start_date\">Data<\/label><\/p>\n<div class=\"start_date_input\">\n    \t\t\t<input id=\"start_date\" name=\"start_date\" type=\"text\" placeholder=\"Sa\u00edda\" \/><br \/>\n    \t\t\t<input id=\"start_date_raw\" name=\"start_date_raw\" type=\"hidden\"\/><br \/>\n    \t\t\t<i class=\"fa fa-calendar\"><\/i>\n    \t\t<\/div>\n<div class=\"end_date_input\">\n    \t\t\t<input id=\"end_date\" name=\"end_date\" type=\"text\" placeholder=\"Chegada\"\/><br \/>\n    \t\t\t<input id=\"end_date_raw\" name=\"end_date_raw\" type=\"hidden\"\/><br \/>\n    \t\t\t<i class=\"fa fa-calendar\"><\/i>\n    \t\t<\/div>\n<\/p><\/div>\n<div class=\"one_fourth\">\n    \t\t<label for=\"budget\">Or\u00e7amento Max.<\/label><br \/>\n    \t\t<input id=\"budget\" name=\"budget\" type=\"text\" placeholder=\"Valor em R$ (Exp: 100)\"\/>\n    \t<\/div>\n<div class=\"one_fourth last\">\n    \t\t<input id=\"tour_search_btn\" type=\"submit\" value=\"Pesquisar\"\/>\n    \t<\/div>\n<\/div>\n<\/form>\n<\/div>\n<\/div>\n<div class=\"ppb_tour one withpadding \" style=\"border-top:1px solid #e1e1e1;\" >\n<div class=\"page_content_wrapper full_width\" style=\"text-align:center\">\n<h2 class=\"ppb_title\">Melhores Destinos<\/h2>\n<div class=\"page_caption_desc\">Confira nossos melhores tours.<\/div>\n<div class=\"portfolio_filter_wrapper three_cols fullwidth shortcode gallery section content clearfix\">\n<div class=\"element portfolio3filter_wrapper\">\n<div class=\"one_third gallery3 filterable gallery_type animated1\"><a href=\"https:\/\/oceanturismo.com.br\/?tours=grand-turkey\"><img decoding=\"async\" src=\"https:\/\/i0.wp.com\/oceanturismo.com.br\/wp-content\/uploads\/2014\/10\/1600x1200-6-1.jpg?resize=560%2C460&#038;ssl=1\" alt=\"\" data-recalc-dims=\"1\" \/><\/p>\n<div class=\"thumb_content fullwidth \">\n<div class=\"thumb_title\">\n<div class=\"tour_country\">\n\t            \t\tTurquia\n\t            \t<\/div>\n<h3>Grande Turquia<\/h3>\n<\/p><\/div>\n<div class=\"thumb_meta\"><\/div>\n<\/div>\n<p><\/a><\/div>\n<\/div>\n<div class=\"element portfolio3filter_wrapper\">\n<div class=\"one_third gallery3 filterable gallery_type animated2\"><a href=\"https:\/\/oceanturismo.com.br\/?tours=grand-spain-madrid\"><img decoding=\"async\" src=\"https:\/\/i0.wp.com\/oceanturismo.com.br\/wp-content\/uploads\/2014\/05\/1600x1200-8-1.jpg?resize=560%2C460&#038;ssl=1\" alt=\"\" data-recalc-dims=\"1\" \/><\/p>\n<div class=\"thumb_content fullwidth \">\n<div class=\"thumb_title\">\n<div class=\"tour_country\">\n\t            \t\tEspanha\n\t            \t<\/div>\n<h3>Grande Espanha Madrid<\/h3>\n<\/p><\/div>\n<div class=\"thumb_meta\"><\/div>\n<\/div>\n<p><\/a><\/div>\n<\/div>\n<div class=\"element portfolio3filter_wrapper\">\n<div class=\"one_third gallery3 filterable gallery_type animated3\"><a href=\"https:\/\/oceanturismo.com.br\/?tours=swiss-alps-trip\"><img decoding=\"async\" src=\"https:\/\/i0.wp.com\/oceanturismo.com.br\/wp-content\/uploads\/2014\/10\/1600x1200-9-1.jpg?resize=560%2C460&#038;ssl=1\" alt=\"\" data-recalc-dims=\"1\" \/><\/p>\n<div class=\"thumb_content fullwidth \">\n<div class=\"thumb_title\">\n<div class=\"tour_country\">\n\t            \t\t \u00c1ustria, Su\u00ed\u00e7a\n\t            \t<\/div>\n<h3>Viagem aos Alpes Su\u00ed\u00e7os<\/h3>\n<\/p><\/div>\n<div class=\"thumb_meta\"><\/div>\n<\/div>\n<p><\/a><\/div>\n<\/div>\n<div class=\"element portfolio3filter_wrapper\">\n<div class=\"one_third gallery3 filterable gallery_type animated4\"><a href=\"https:\/\/oceanturismo.com.br\/?tours=grand-italy\"><img decoding=\"async\" src=\"https:\/\/i0.wp.com\/oceanturismo.com.br\/wp-content\/uploads\/2014\/05\/1600x1200-10-1.jpg?resize=560%2C460&#038;ssl=1\" alt=\"\" data-recalc-dims=\"1\" \/><\/p>\n<div class=\"thumb_content fullwidth \">\n<div class=\"thumb_title\">\n<div class=\"tour_country\">\n\t            \t\tIt\u00e1lia\n\t            \t<\/div>\n<h3>Grande It\u00e1lia<\/h3>\n<\/p><\/div>\n<div class=\"thumb_meta\"><\/div>\n<\/div>\n<p><\/a><\/div>\n<\/div>\n<div class=\"element portfolio3filter_wrapper\">\n<div class=\"one_third gallery3 filterable gallery_type animated5\"><a href=\"https:\/\/oceanturismo.com.br\/?tours=uk-trip\"><img decoding=\"async\" src=\"https:\/\/i0.wp.com\/oceanturismo.com.br\/wp-content\/uploads\/2014\/10\/1600x1200-11-1.jpg?resize=560%2C460&#038;ssl=1\" alt=\"\" data-recalc-dims=\"1\" \/><\/p>\n<div class=\"thumb_content fullwidth \">\n<div class=\"thumb_title\">\n<div class=\"tour_country\">\n\t            \t\tInglaterra, Esc\u00f3cia, Pa\u00eds de Gales\n\t            \t<\/div>\n<h3>Viagem para o Reino Unido<\/h3>\n<\/p><\/div>\n<div class=\"thumb_meta\"><\/div>\n<\/div>\n<p><\/a><\/div>\n<\/div>\n<div class=\"element portfolio3filter_wrapper\">\n<div class=\"one_third gallery3 filterable gallery_type animated6\"><a href=\"https:\/\/oceanturismo.com.br\/?tours=east-europe\"><img decoding=\"async\" src=\"https:\/\/i0.wp.com\/oceanturismo.com.br\/wp-content\/uploads\/2014\/10\/1600x1200-12-1.jpg?resize=560%2C460&#038;ssl=1\" alt=\"\" data-recalc-dims=\"1\" \/><\/p>\n<div class=\"thumb_content fullwidth \">\n<div class=\"thumb_title\">\n<div class=\"tour_country\">\n\t            \t\tEslov\u00eania, Hungria, Tcheca\n\t            \t<\/div>\n<h3>Leste Europeu<\/h3>\n<\/p><\/div>\n<div class=\"thumb_meta\"><\/div>\n<\/div>\n<p><\/a><\/div>\n<\/div>\n<\/div>\n<\/div>\n<\/div>\n<div class=\"one withsmallpadding \" >\n<div class=\"page_content_wrapper\" style=\"text-align:center\">\n<h2 class=\"ppb_title\">O que os clientes dizem<\/h2>\n<p><\/p>\n<div class=\"testimonial_slider_wrapper\">\n<div class=\"flexslider\" data-height=\"750\">\n<ul class=\"slides\">\n<li>\n<div class=\"testimonial_slider_wrapper\">Fui muito bem atendimento, a equipe foi atenciosa e muito prestativa durante toda viagem, recomento totalmente.<\/p>\n<div class=\"testimonial_slider_meta\">\n<h6>Renato Gaspari<\/h6>\n<p>&#8211;<\/p>\n<div class=\"testimonial_slider_meta_company\"><a href=\"https:\/\/maringacorretora.com.br\/\" target=\"_blank\" rel=\"noopener\">Maring\u00e1 PR<\/a><\/div>\n<\/div>\n<\/div>\n<\/li>\n<\/ul>\n<\/div>\n<\/div>\n<\/div>\n<\/div>\n<div class=\"one withsmallpadding withbg \" style=\"background-image:url(https:\/\/oceanturismo.com.br\/wp-content\/uploads\/2014\/10\/1600x1200-13-1.jpg);background-size:cover;height:600px;\" >\n<div class=\"page_content_wrapper\"><\/div>\n<\/div>\n<div class=\"one withsmallpadding fullwidth parallax\"  data-image=\"\" data-width=\"\" data-height=\"\">\n<div class=\"page_content_wrapper\">\n<div style=\"text-align:center\">\n<h2 class=\"ppb_title\">\u201dLago<\/h2>\n<div class=\"page_caption_desc\"><\/div>\n<\/div>\n<div class=\"two_third\"><\/div>\n<p>O Lago Genebra (Lac L\u00e9man) \u00e9 o maior corpo de \u00e1gua da Su\u00ed\u00e7a, embora a maior parte de sua costa sul se encontre na Fran\u00e7a. Um crescente de azul cercado pelos picos nevados dos Alpes franceses e su\u00ed\u00e7os, o lago \u00e9 um ponto importante durante todo o ano para atividades ao ar livre, com uma costa norte coberta por aldeias pitorescas, vinhedos em socalcos e castelos medievais.<\/p>\n<\/div>\n<\/div>\n<div class=\"one withsmallpadding withbg parallax \" data-image=\"https:\/\/oceanturismo.com.br\/wp-content\/uploads\/2021\/06\/Dubai-1.jpg\" data-width=\"1280\" data-height=\"853\">\n<div class=\"page_content_wrapper\" style=\"text-align:center\">\n<h2 class=\"ppb_title\">PORQUE ESCOLHER-NOS<\/h2>\n<div style=\"height:20px\"><\/div>\n<p><\/p>\n<div class=\"service_content_wrapper \">\n<div class=\"one_third \">\n<div class=\"service_wrapper\">\n<div class=\"service_icon\"><i class=\"fa fa-star\"><\/i><\/div>\n<div class=\"service_title\">\n<h3>Os Melhores Destinos e Hot\u00e9is<\/h3>\n<div class=\"service_content\"><\/div>\n<\/div>\n<\/div>\n<\/div>\n<div class=\"one_third \">\n<div class=\"service_wrapper\">\n<div class=\"service_icon\"><i class=\"fa fa-globe\"><\/i><\/div>\n<div class=\"service_title\">\n<h3>Atendimento Personalizado<\/h3>\n<div class=\"service_content\"><\/div>\n<\/div>\n<\/div>\n<\/div>\n<div class=\"one_third last\">\n<div class=\"service_wrapper\">\n<div class=\"service_icon\"><i class=\"fa fa-thumbs-up\"><\/i><\/div>\n<div class=\"service_title\">\n<h3>Garantimos o melhor pre\u00e7o<\/h3>\n<div class=\"service_content\"><\/div>\n<\/div>\n<\/div>\n<\/div>\n<p><br class=\"clear\"\/><\/div>\n<p><br class=\"clear\"\/><\/div>\n<\/div>\n<div class=\"one withsmallpadding \" style=\"background:#f3f3f3;\" >\n<div class=\"page_content_wrapper\">\n<div class=\"one_fourth\">\n<div class=\"animate_counter_wrapper\"><i class=\"fa fa-smile-o\"><\/i><\/p>\n<div id=\"16252457221507776044\" class=\"odometer\" style=\"font-size:44px;line-height:44px;\">0<\/div>\n<div class=\"count_separator\"><span><\/span><\/div>\n<div class=\"counter_subject\">Clientes Felizes<\/div>\n<\/div>\n<\/div>\n<div class=\"one_fourth\">\n<div class=\"animate_counter_wrapper\"><i class=\"fa fa-bus\"><\/i><\/p>\n<div id=\"16252457222039946786\" class=\"odometer\" style=\"font-size:44px;line-height:44px;\">0<\/div>\n<div class=\"count_separator\"><span><\/span><\/div>\n<div class=\"counter_subject\">Passeios incr\u00edveis<\/div>\n<\/div>\n<\/div>\n<div class=\"one_fourth\">\n<div class=\"animate_counter_wrapper\"><i class=\"fa fa-briefcase\"><\/i><\/p>\n<div id=\"16252457221947444622\" class=\"odometer\" style=\"font-size:44px;line-height:44px;\">0<\/div>\n<div class=\"count_separator\"><span><\/span><\/div>\n<div class=\"counter_subject\">Em neg\u00f3cios<\/div>\n<\/div>\n<\/div>\n<div class=\"one_fourth last\">\n<div class=\"animate_counter_wrapper\"><i class=\"fa fa-comments-o\"><\/i><\/p>\n<div id=\"162524572259770392\" class=\"odometer\" style=\"font-size:44px;line-height:44px;\">0<\/div>\n<div class=\"count_separator\"><span><\/span><\/div>\n<div class=\"counter_subject\">Casos de Apoio<\/div>\n<\/div>\n<\/div>\n<\/div>\n<\/div>\n<div class=\"one withsmallpadding withbg parallax\"  data-image=\"https:\/\/oceanturismo.com.br\/wp-content\/uploads\/2014\/10\/1600x1200-15-1.jpg\" data-width=\"1600\" data-height=\"1200\">\n<div class=\"page_content_wrapper fullwidth\" style=\"text-align:center\">\n<h2 class=\"ppb_title\">Atualiza\u00e7\u00e3o de noticias<\/h2>\n<div class=\"page_caption_desc\">Nossas \u00faltimas not\u00edcias e promo\u00e7\u00f5es<\/div>\n<div id=\"blog_grid_wrapper\" class=\"sidebar_content full_width ppb_blog_posts\" style=\"text-align:left\">\n<div id=\"post-2720\" class=\"post type-post hentry status-publish\">\n<div class=\"post_wrapper grid_layout\" style=\"background-image:url('https:\/\/oceanturismo.com.br\/wp-content\/uploads\/2014\/10\/s01-1-1024x683.jpg');\">\n<div class=\"parallax_overlay_header\"><\/div>\n<div class=\"grid_wrapper\">\n<div class=\"post_header grid\"><a href=\"https:\/\/oceanturismo.com.br\/?p=2720\" title=\"Postagem de blog padr\u00e3o com imagem\"><\/p>\n<h6>Postagem de blog padr\u00e3o com imagem<\/h6>\n<p><\/a><\/p>\n<div class=\"post_detail\">\n\t\t\t        Ativar&nbsp;28 de maio de 2014\n\t\t\t    <\/div>\n<\/p><\/div>\n<\/p><\/div>\n<\/p><\/div>\n<\/div>\n<div id=\"post-1135\" class=\"post type-post hentry status-publish\">\n<div class=\"post_wrapper grid_layout\" style=\"background-image:url('https:\/\/oceanturismo.com.br\/wp-content\/uploads\/2014\/05\/1600x1200-8-1-1024x768.jpg');\">\n<div class=\"parallax_overlay_header\"><\/div>\n<div class=\"grid_wrapper\">\n<div class=\"post_header grid\"><a href=\"https:\/\/oceanturismo.com.br\/?p=1135\" title=\"Postagem incr\u00edvel de largura total\"><\/p>\n<h6>Postagem incr\u00edvel de largura total<\/h6>\n<p><\/a><\/p>\n<div class=\"post_detail\">\n\t\t\t        Ativar&nbsp;26 de maio de 2014\n\t\t\t    <\/div>\n<\/p><\/div>\n<\/p><\/div>\n<\/p><\/div>\n<\/div>\n<div id=\"post-491\" class=\"post type-post hentry status-publish\">\n<div class=\"post_wrapper grid_layout\" style=\"background-image:url('https:\/\/oceanturismo.com.br\/wp-content\/uploads\/2014\/10\/1600x1200-4-1-1024x768.jpg');\">\n<div class=\"parallax_overlay_header\"><\/div>\n<div class=\"grid_wrapper\">\n<div class=\"post_header grid\"><a href=\"https:\/\/oceanturismo.com.br\/?p=491\" title=\"Publicar Link\"><\/p>\n<h6>Publicar Link<\/h6>\n<p><\/a><\/p>\n<div class=\"post_detail\">\n\t\t\t        Ativar&nbsp;19 de maio de 2014\n\t\t\t    <\/div>\n<\/p><\/div>\n<\/p><\/div>\n<\/p><\/div>\n<\/div>\n<div id=\"post-1131\" class=\"post type-post hentry status-publish\">\n<div class=\"post_wrapper grid_layout\" style=\"background-image:url('https:\/\/oceanturismo.com.br\/wp-content\/uploads\/2014\/10\/1600x1200-9-1-1024x768.jpg');\">\n<div class=\"parallax_overlay_header\"><\/div>\n<div class=\"grid_wrapper\">\n<div class=\"post_header grid\"><a href=\"https:\/\/oceanturismo.com.br\/?p=1131\" title=\"Postagem de Cota\u00e7\u00e3o\"><\/p>\n<h6>Postagem de Cota\u00e7\u00e3o<\/h6>\n<p><\/a><\/p>\n<div class=\"post_detail\">\n\t\t\t        Ativar&nbsp;18 de maio de 2014\n\t\t\t    <\/div>\n<\/p><\/div>\n<\/p><\/div>\n<\/p><\/div>\n<\/div>\n<div id=\"post-1133\" class=\"post type-post hentry status-publish\">\n<div class=\"post_wrapper grid_layout\" style=\"background-image:url('https:\/\/oceanturismo.com.br\/wp-content\/uploads\/2014\/10\/paris-opera-night-france-hd-widescreen-wallpapers-1-1024x640.jpg');\">\n<div class=\"parallax_overlay_header\"><\/div>\n<div class=\"grid_wrapper\">\n<div class=\"post_header grid\"><a href=\"https:\/\/oceanturismo.com.br\/?p=1133\" title=\"Postagem da barra lateral com apresenta\u00e7\u00e3o de slides\"><\/p>\n<h6>Postagem da barra lateral com apresenta\u00e7\u00e3o de slides<\/h6>\n<p><\/a><\/p>\n<div class=\"post_detail\">\n\t\t\t        Ativar&nbsp;26 de junho de 2013\n\t\t\t    <\/div>\n<\/p><\/div>\n<\/p><\/div>\n<\/p><\/div>\n<\/div>\n<div id=\"post-489\" class=\"post type-post hentry status-publish\">\n<div class=\"post_wrapper grid_layout\" style=\"background-image:url('https:\/\/oceanturismo.com.br\/wp-content\/uploads\/2014\/10\/1600x1200-12-1-1024x768.jpg');\">\n<div class=\"parallax_overlay_header\"><\/div>\n<div class=\"grid_wrapper\">\n<div class=\"post_header grid\"><a href=\"https:\/\/oceanturismo.com.br\/?p=489\" title=\"Publicar V\u00eddeos do Vimeo\"><\/p>\n<h6>Publicar V\u00eddeos do Vimeo<\/h6>\n<p><\/a><\/p>\n<div class=\"post_detail\">\n\t\t\t        Ativar&nbsp;22 de junho de 2011\n\t\t\t    <\/div>\n<\/p><\/div>\n<\/p><\/div>\n<\/p><\/div>\n<\/div>\n<\/div>\n<p><br class=\"clear\"\/><\/div>\n<\/div>\n","protected":false},"excerpt":{"rendered":"<p>Destino Data Or\u00e7amento Max. Melhores Destinos Confira nossos melhores tours. Turquia Grande Turquia Espanha Grande Espanha Madrid \u00c1ustria, Su\u00ed\u00e7a Viagem aos Alpes Su\u00ed\u00e7os It\u00e1lia Grande It\u00e1lia Inglaterra, Esc\u00f3cia, Pa\u00eds de Gales Viagem para o Reino Unido Eslov\u00eania, Hungria, Tcheca Leste Europeu O que os clientes dizem [&hellip;]<\/p>\n","protected":false},"author":1,"featured_media":0,"parent":0,"menu_order":0,"comment_status":"open","ping_status":"open","template":"page_f.php","meta":{"footnotes":""},"class_list":["post-3093","page","type-page","status-publish","hentry"],"jetpack_sharing_enabled":true,"jetpack-related-posts":[{"id":3694,"url":"https:\/\/oceanturismo.com.br\/?page_id=3694","url_meta":{"origin":3093,"position":0},"title":"Pagina Inicial","author":"galdino.ws","date":"17 de outubro de 2014","format":false,"excerpt":"Destino Data Or\u00e7amento Max. MELHORES OFERTASConfira nossos melhores tours promocionais 0Clientes Felizes 0Passeios incr\u00edveis 0Em neg\u00f3cios 0Casos de Apoio Atualiza\u00e7\u00e3o de noticiasNossas \u00faltimas not\u00edcias e promo\u00e7\u00f5esStandard Blog Post With Image Ativar\u00a028 de maio de 2014 Amazing Fullwidth Post Ativar\u00a026 de maio de 2014 Link Post Ativar\u00a019 de maio de 2014\u2026","rel":"","context":"Post similar","block_context":{"text":"Post similar","link":""},"img":{"alt_text":"","src":"","width":0,"height":0},"classes":[]},{"id":3691,"url":"https:\/\/oceanturismo.com.br\/?page_id=3691","url_meta":{"origin":3093,"position":1},"title":"Destinos Tur\u00edsticos","author":"galdino.ws","date":"8 de outubro de 2014","format":false,"excerpt":"Destino Data Or\u00e7amento Max. MELHORES DESTINOSConfira nossos nossos destaques promocionais Turkey Grand Turkey 8 Dias $2000 Spain Grand Spain Madrid 9 Dias $3000 Austria, Switzerland Swiss Alps Trip 13 Dias $4000 Italy Grand Italy 8 Dias $3000","rel":"","context":"Post similar","block_context":{"text":"Post similar","link":""},"img":{"alt_text":"","src":"https:\/\/i0.wp.com\/oceanturismo.com.br\/wp-content\/uploads\/2014\/10\/1600x1200-12-1.jpg?fit=1200%2C900&ssl=1&resize=350%2C200","width":350,"height":200,"srcset":"https:\/\/i0.wp.com\/oceanturismo.com.br\/wp-content\/uploads\/2014\/10\/1600x1200-12-1.jpg?fit=1200%2C900&ssl=1&resize=350%2C200 1x, https:\/\/i0.wp.com\/oceanturismo.com.br\/wp-content\/uploads\/2014\/10\/1600x1200-12-1.jpg?fit=1200%2C900&ssl=1&resize=525%2C300 1.5x, https:\/\/i0.wp.com\/oceanturismo.com.br\/wp-content\/uploads\/2014\/10\/1600x1200-12-1.jpg?fit=1200%2C900&ssl=1&resize=700%2C400 2x, https:\/\/i0.wp.com\/oceanturismo.com.br\/wp-content\/uploads\/2014\/10\/1600x1200-12-1.jpg?fit=1200%2C900&ssl=1&resize=1050%2C600 3x"},"classes":[]},{"id":3602,"url":"https:\/\/oceanturismo.com.br\/?page_id=3602","url_meta":{"origin":3093,"position":2},"title":"Dicas para sua viagem","author":"galdino.ws","date":"20 de maio de 2021","format":false,"excerpt":"Viajando com crian\u00e7as Os cuidados em rela\u00e7\u00e3o a crian\u00e7as e adolescentes come\u00e7am na retirada do passaporte, se a viagem for internacional. Todos com menos de 18 anos de idade precisam da autoriza\u00e7\u00e3o expressa dos pais ou dos representantes legais, com firma reconhecida em cart\u00f3rio, n\u00fameros das c\u00e9dulas de identidade e\u2026","rel":"","context":"Post similar","block_context":{"text":"Post similar","link":""},"img":{"alt_text":"","src":"","width":0,"height":0},"classes":[]},{"id":3817,"url":"https:\/\/oceanturismo.com.br\/?page_id=3817","url_meta":{"origin":3093,"position":3},"title":"Seguro viagem","author":"galdino.ws","date":"24 de junho de 2021","format":false,"excerpt":"O que \u00e9 Seguro Viagem? O\u00a0seguro viagem\u00a0\u00e9 um servi\u00e7o que oferece assist\u00eancia m\u00e9dica e outras coberturas a pessoas em tr\u00e2nsito, seja em destinos nacionais ou internacionais. Ele \u00e9 exigido para a entrada em alguns pa\u00edses, a exemplo dos pa\u00edses europeus que integram o Acordo de Schengen.","rel":"","context":"Post similar","block_context":{"text":"Post similar","link":""},"img":{"alt_text":"","src":"https:\/\/i0.wp.com\/oceanturismo.com.br\/wp-content\/uploads\/2014\/10\/1600x1200-12-1.jpg?fit=1200%2C900&ssl=1&resize=350%2C200","width":350,"height":200,"srcset":"https:\/\/i0.wp.com\/oceanturismo.com.br\/wp-content\/uploads\/2014\/10\/1600x1200-12-1.jpg?fit=1200%2C900&ssl=1&resize=350%2C200 1x, https:\/\/i0.wp.com\/oceanturismo.com.br\/wp-content\/uploads\/2014\/10\/1600x1200-12-1.jpg?fit=1200%2C900&ssl=1&resize=525%2C300 1.5x, https:\/\/i0.wp.com\/oceanturismo.com.br\/wp-content\/uploads\/2014\/10\/1600x1200-12-1.jpg?fit=1200%2C900&ssl=1&resize=700%2C400 2x, https:\/\/i0.wp.com\/oceanturismo.com.br\/wp-content\/uploads\/2014\/10\/1600x1200-12-1.jpg?fit=1200%2C900&ssl=1&resize=1050%2C600 3x"},"classes":[]},{"id":3604,"url":"https:\/\/oceanturismo.com.br\/?page_id=3604","url_meta":{"origin":3093,"position":4},"title":"Documenta\u00e7\u00e3o e vistos","author":"galdino.ws","date":"20 de maio de 2021","format":false,"excerpt":"Alertas importantes Leve consigo os endere\u00e7os e telefones das Embaixadas e Consulados brasileiros no seu pa\u00eds de destino. Em caso de dificuldade n\u00e3o hesite em contat\u00e1-las; Caso seja detido por alguma autoridade estrangeira, voc\u00ea tem o direito de pedir para telefonar para sua Embaixada ou Consulado. Fa\u00e7a uso desse direito;\u2026","rel":"","context":"Post similar","block_context":{"text":"Post similar","link":""},"img":{"alt_text":"","src":"","width":0,"height":0},"classes":[]},{"id":3615,"url":"https:\/\/oceanturismo.com.br\/?page_id=3615","url_meta":{"origin":3093,"position":5},"title":"Direitos do viajante","author":"galdino.ws","date":"20 de maio de 2021","format":false,"excerpt":"Conhe\u00e7a os direitos que, como viajante, nas mais diversas situa\u00e7\u00f5es, voc\u00ea possui em qualquer lugar do mundo. Atraso ou Interrup\u00e7\u00e3o de Voo Atrasos de quatro horas ou mais nos voos permitem o endosso do valor do bilhete e de todas as despesas decorrentes do atraso ou da interrup\u00e7\u00e3o de voos\u2026","rel":"","context":"Post similar","block_context":{"text":"Post similar","link":""},"img":{"alt_text":"","src":"","width":0,"height":0},"classes":[]}],"_links":{"self":[{"href":"https:\/\/oceanturismo.com.br\/index.php?rest_route=\/wp\/v2\/pages\/3093","targetHints":{"allow":["GET"]}}],"collection":[{"href":"https:\/\/oceanturismo.com.br\/index.php?rest_route=\/wp\/v2\/pages"}],"about":[{"href":"https:\/\/oceanturismo.com.br\/index.php?rest_route=\/wp\/v2\/types\/page"}],"author":[{"embeddable":true,"href":"https:\/\/oceanturismo.com.br\/index.php?rest_route=\/wp\/v2\/users\/1"}],"replies":[{"embeddable":true,"href":"https:\/\/oceanturismo.com.br\/index.php?rest_route=%2Fwp%2Fv2%2Fcomments&post=3093"}],"version-history":[{"count":40,"href":"https:\/\/oceanturismo.com.br\/index.php?rest_route=\/wp\/v2\/pages\/3093\/revisions"}],"predecessor-version":[{"id":3899,"href":"https:\/\/oceanturismo.com.br\/index.php?rest_route=\/wp\/v2\/pages\/3093\/revisions\/3899"}],"wp:attachment":[{"href":"https:\/\/oceanturismo.com.br\/index.php?rest_route=%2Fwp%2Fv2%2Fmedia&parent=3093"}],"curies":[{"name":"wp","href":"https:\/\/api.w.org\/{rel}","templated":true}]}}