{"id":3597,"date":"2021-05-20T13:05:09","date_gmt":"2021-05-20T16:05:09","guid":{"rendered":"https:\/\/oceanturismo.com.br\/?page_id=3597"},"modified":"2021-07-02T12:26:40","modified_gmt":"2021-07-02T15:26:40","slug":"sustentabilidade-2","status":"publish","type":"page","link":"https:\/\/oceanturismo.com.br\/?page_id=3597","title":{"rendered":"Sustentabilidade"},"content":{"rendered":"<h2>Viajamos pelo mundo, questionando o que podemos fazer por ele.<\/h2>\n<p class=\"text-justify\">Atento ao planeta, \u00e0s pessoas e \u00e0s melhores pr\u00e1ticas corporativas, a Ocean Turismo adota pr\u00e1ticas sustent\u00e1veis alinhadas \u00e0s metas da Agenda 2030 da ONU \u2013 Organiza\u00e7\u00e3o das Na\u00e7\u00f5es Unidas. Isso quer dizer que, al\u00e9m de entendermos a amplitude e alcance de a\u00e7\u00f5es sustent\u00e1veis, temos uma pol\u00edtica com diretrizes muito bem definidas que orientam nossas rela\u00e7\u00f5es humanas, empresariais e com o meio ambiente.<\/p>\n<hr \/>\n<h2>Pol\u00edtica de Sustentabilidade da Ocean Turismo<\/h2>\n<p class=\"text-justify\">A pol\u00edtica de sustentabilidade do Ocean Turismo est\u00e1 contextualizada \u00e0 realidade social, ambiental e econ\u00f4mica mundial. Est\u00e1, ainda, 100% relacionada ao neg\u00f3cio de presta\u00e7\u00e3o de servi\u00e7os de viagens, sendo um compromisso assumido por pessoas que, antes de colaboradores, s\u00e3o cidad\u00e3os \u00e9ticos e respons\u00e1veis. Assumimos que todos (colaboradores e empresas) s\u00e3o agentes estrat\u00e9gicos da sustentabilidade e, por isso, estimulamos constantemente o aprimoramento de conhecimentos, a utiliza\u00e7\u00e3o racional de recursos naturais e a constru\u00e7\u00e3o de rela\u00e7\u00f5es saud\u00e1veis entre pares, clientes, parceiros e comunidade.<\/p>\n<hr \/>\n<h2>O que isso quer dizer na pr\u00e1tica?<\/h2>\n<p class=\"text-justify\">Significa que, rotineiramente, incentivamos e praticamos a\u00e7\u00f5es sustent\u00e1veis com nossos colaboradores e toda a cadeia de relacionamentos do nosso Grupo.<\/p>\n<ul class=\"list-group\">\n<li class=\"list-group-item\">Clube do Livro: uma iniciativa de incentivo \u00e0 leitura, com doa\u00e7\u00e3o de livros e trocas de obras entre os colaboradores.<\/li>\n<li class=\"list-group-item\">Inclus\u00e3o Social: a Ocean Turismo n\u00e3o faz distin\u00e7\u00e3o de ra\u00e7a, sexo, orienta\u00e7\u00e3o sexual ou defici\u00eancia f\u00edsica e mental. Nosso processo de contrata\u00e7\u00e3o \u00e9 aberto a todos e nosso quadro profissional \u00e9 formado por pessoas com PcD, profissionais de etnias e orienta\u00e7\u00e3o sexual diversa, al\u00e9m de rec\u00e9m-formados para o programa Jovem Aprendiz.<\/li>\n<li class=\"list-group-item\">Reconhecimento: a valoriza\u00e7\u00e3o do bem-estar dos colaboradores est\u00e1 expressa em a\u00e7\u00f5es como premia\u00e7\u00e3o por tempo de empresa, disponibiliza\u00e7\u00e3o de caf\u00e9 da manh\u00e3, fretados, massagem e parcerias com lojas, academias e institui\u00e7\u00f5es de ensino. Tamb\u00e9m presamos por estruturas f\u00edsicas adequadas e equipamentos novos para o bom desempenho profissional de todos.<\/li>\n<li class=\"list-group-item\">Projeto \u00c2ncora: a Ocean Turismo apoia essa associa\u00e7\u00e3o sem fins lucrativos, fundada com o objetivo central de oferecer assist\u00eancia \u00e0s crian\u00e7as e fam\u00edlias carentes da regi\u00e3o onde atua. O Projeto \u00e9 uma iniciativa pioneira no Brasil, com uma metodologia de ensino e aprendizagem que estimula a forma\u00e7\u00e3o de estudantes proativos e, acima de tudo, cidad\u00e3os \u00e9ticos que atuem como agentes transformadores da sociedade.<\/li>\n<li class=\"list-group-item\">Coleta Seletiva e Reciclagem: a sustentabilidade ambiental \u00e9 incentivada por meio de campanhas de comunica\u00e7\u00e3o interna e do nosso programa de descarte consciente, coleta seletiva e reciclagem, al\u00e9m de a\u00e7\u00f5es para uso racional de papel e energia el\u00e9trica.<\/li>\n<li class=\"list-group-item\">Instituto EDO: vale registrar que, de mar\u00e7o de 2014 at\u00e9 o fim de 2015, ampliamos a pr\u00e1tica de inclus\u00e3o de adolescentes atrav\u00e9s do Instituto EDO, que funcionava como um programa de capacita\u00e7\u00e3o de turismo focado em adolescentes de comunidades carentes de Barueri.<\/li>\n<\/ul>\n","protected":false},"excerpt":{"rendered":"<p>Viajamos pelo mundo, questionando o que podemos fazer por ele. Atento ao planeta, \u00e0s pessoas e \u00e0s melhores pr\u00e1ticas corporativas, a Ocean Turismo adota pr\u00e1ticas sustent\u00e1veis alinhadas \u00e0s metas da Agenda 2030 da ONU \u2013 Organiza\u00e7\u00e3o das Na\u00e7\u00f5es Unidas. Isso quer dizer que, al\u00e9m de entendermos [&hellip;]<\/p>\n","protected":false},"author":1,"featured_media":0,"parent":0,"menu_order":0,"comment_status":"closed","ping_status":"closed","template":"","meta":{"footnotes":""},"class_list":["post-3597","page","type-page","status-publish","hentry"],"jetpack_sharing_enabled":true,"jetpack-related-posts":[{"id":3600,"url":"https:\/\/oceanturismo.com.br\/?page_id=3600","url_meta":{"origin":3597,"position":0},"title":"C\u00d3DIGO DE CONDUTA FLYTOUR","author":"galdino.ws","date":"20 de maio de 2021","format":false,"excerpt":"O C\u00f3digo da Ocean Turismo foi aprovado em 06 de outubro de 2009, vem sendo divulgado e praticado e traz agora a vers\u00e3o revisada e atualizada a partir da implanta\u00e7\u00e3o da Pol\u00edtica de Compliance desenvolvida pelo Comit\u00ea de Compliance da Ocean Turismo e passar\u00e1 a ser denominado C\u00f3digo de Conduta\u2026","rel":"","context":"Post similar","block_context":{"text":"Post similar","link":""},"img":{"alt_text":"","src":"","width":0,"height":0},"classes":[]},{"id":3692,"url":"https:\/\/oceanturismo.com.br\/?page_id=3692","url_meta":{"origin":3597,"position":1},"title":"Solicite um contato","author":"galdino.ws","date":"14 de outubro de 2014","format":false,"excerpt":"Entre em contato conosco Caso voc\u00ea tenha alguma d\u00favida ou sugest\u00e3o, entre em contato com a equipe Ocean Turismo pelo formul\u00e1rio abaixo ou atrav\u00e9s do CHAT selecionando um dos nossos profissionais. Estamos a sua disposi\u00e7\u00e3o!","rel":"","context":"Post similar","block_context":{"text":"Post similar","link":""},"img":{"alt_text":"","src":"https:\/\/i0.wp.com\/oceanturismo.com.br\/wp-content\/uploads\/2014\/10\/1600x1200-12-1.jpg?fit=1200%2C900&ssl=1&resize=350%2C200","width":350,"height":200,"srcset":"https:\/\/i0.wp.com\/oceanturismo.com.br\/wp-content\/uploads\/2014\/10\/1600x1200-12-1.jpg?fit=1200%2C900&ssl=1&resize=350%2C200 1x, https:\/\/i0.wp.com\/oceanturismo.com.br\/wp-content\/uploads\/2014\/10\/1600x1200-12-1.jpg?fit=1200%2C900&ssl=1&resize=525%2C300 1.5x, https:\/\/i0.wp.com\/oceanturismo.com.br\/wp-content\/uploads\/2014\/10\/1600x1200-12-1.jpg?fit=1200%2C900&ssl=1&resize=700%2C400 2x, https:\/\/i0.wp.com\/oceanturismo.com.br\/wp-content\/uploads\/2014\/10\/1600x1200-12-1.jpg?fit=1200%2C900&ssl=1&resize=1050%2C600 3x"},"classes":[]},{"id":3693,"url":"https:\/\/oceanturismo.com.br\/?page_id=3693","url_meta":{"origin":3597,"position":2},"title":"Quem Somos","author":"galdino.ws","date":"15 de outubro de 2014","format":false,"excerpt":"Fundada em Outubro de 2016 na cidade de Maring\u00e1 Pr, a Ocean Turismo \u00e9 uma Ag\u00eancia especializada em Viagens de Lazer e Neg\u00f3cios \u2013 Nacionais, Internacionais e Seguro Viagem. \u00c9 formada por uma equipe de agentes de viagens altamente qualificados com mais de 20 anos de experi\u00eancia. 0Clientes Felizes 0Passeios\u2026","rel":"","context":"Post similar","block_context":{"text":"Post similar","link":""},"img":{"alt_text":"","src":"https:\/\/i0.wp.com\/oceanturismo.com.br\/wp-content\/uploads\/2014\/10\/shutterstock_102068089-1.jpg?fit=1000%2C667&ssl=1&resize=350%2C200","width":350,"height":200,"srcset":"https:\/\/i0.wp.com\/oceanturismo.com.br\/wp-content\/uploads\/2014\/10\/shutterstock_102068089-1.jpg?fit=1000%2C667&ssl=1&resize=350%2C200 1x, https:\/\/i0.wp.com\/oceanturismo.com.br\/wp-content\/uploads\/2014\/10\/shutterstock_102068089-1.jpg?fit=1000%2C667&ssl=1&resize=525%2C300 1.5x, https:\/\/i0.wp.com\/oceanturismo.com.br\/wp-content\/uploads\/2014\/10\/shutterstock_102068089-1.jpg?fit=1000%2C667&ssl=1&resize=700%2C400 2x"},"classes":[]},{"id":3691,"url":"https:\/\/oceanturismo.com.br\/?page_id=3691","url_meta":{"origin":3597,"position":3},"title":"Destinos Tur\u00edsticos","author":"galdino.ws","date":"8 de outubro de 2014","format":false,"excerpt":"Destino Data Or\u00e7amento Max. MELHORES DESTINOSConfira nossos nossos destaques promocionais Turkey Grand Turkey 8 Dias $2000 Spain Grand Spain Madrid 9 Dias $3000 Austria, Switzerland Swiss Alps Trip 13 Dias $4000 Italy Grand Italy 8 Dias $3000","rel":"","context":"Post similar","block_context":{"text":"Post similar","link":""},"img":{"alt_text":"","src":"https:\/\/i0.wp.com\/oceanturismo.com.br\/wp-content\/uploads\/2014\/10\/1600x1200-12-1.jpg?fit=1200%2C900&ssl=1&resize=350%2C200","width":350,"height":200,"srcset":"https:\/\/i0.wp.com\/oceanturismo.com.br\/wp-content\/uploads\/2014\/10\/1600x1200-12-1.jpg?fit=1200%2C900&ssl=1&resize=350%2C200 1x, https:\/\/i0.wp.com\/oceanturismo.com.br\/wp-content\/uploads\/2014\/10\/1600x1200-12-1.jpg?fit=1200%2C900&ssl=1&resize=525%2C300 1.5x, https:\/\/i0.wp.com\/oceanturismo.com.br\/wp-content\/uploads\/2014\/10\/1600x1200-12-1.jpg?fit=1200%2C900&ssl=1&resize=700%2C400 2x, https:\/\/i0.wp.com\/oceanturismo.com.br\/wp-content\/uploads\/2014\/10\/1600x1200-12-1.jpg?fit=1200%2C900&ssl=1&resize=1050%2C600 3x"},"classes":[]},{"id":3,"url":"https:\/\/oceanturismo.com.br\/?page_id=3","url_meta":{"origin":3597,"position":4},"title":"Pol\u00edtica de privacidade","author":"galdino.ws","date":"17 de junho de 2021","format":false,"excerpt":"Quem somos Texto sugerido: O endere\u00e7o do nosso site \u00e9: https:\/\/oceanturismo.com.br. Coment\u00e1rios Texto sugerido: Quando os visitantes deixam coment\u00e1rios no site, coletamos os dados mostrados no formul\u00e1rio de coment\u00e1rios, al\u00e9m do endere\u00e7o de IP e de dados do navegador do visitante, para auxiliar na detec\u00e7\u00e3o de spam. Uma sequ\u00eancia anonimizada\u2026","rel":"","context":"Post similar","block_context":{"text":"Post similar","link":""},"img":{"alt_text":"","src":"","width":0,"height":0},"classes":[]},{"id":3611,"url":"https:\/\/oceanturismo.com.br\/?page_id=3611","url_meta":{"origin":3597,"position":5},"title":"Atendimento nos aeroportos","author":"galdino.ws","date":"20 de maio de 2021","format":false,"excerpt":"Com presen\u00e7a inovadora, a Service Plus possui um sistema de tecnologia altamente avan\u00e7ado, que permite ao agente de viagens acompanhar todo o atendimento ao seu passageiro, desde a solicita\u00e7\u00e3o at\u00e9 o embarque, totalmente on-line pelo Flytour.com.br S\u00e3o 18 aeroportos em todo o Brasil (Guarulhos, Congonhas, Campinas, Cuiab\u00e1, Porto Alegre, Curitiba,\u2026","rel":"","context":"Post similar","block_context":{"text":"Post similar","link":""},"img":{"alt_text":"","src":"","width":0,"height":0},"classes":[]}],"_links":{"self":[{"href":"https:\/\/oceanturismo.com.br\/index.php?rest_route=\/wp\/v2\/pages\/3597","targetHints":{"allow":["GET"]}}],"collection":[{"href":"https:\/\/oceanturismo.com.br\/index.php?rest_route=\/wp\/v2\/pages"}],"about":[{"href":"https:\/\/oceanturismo.com.br\/index.php?rest_route=\/wp\/v2\/types\/page"}],"author":[{"embeddable":true,"href":"https:\/\/oceanturismo.com.br\/index.php?rest_route=\/wp\/v2\/users\/1"}],"replies":[{"embeddable":true,"href":"https:\/\/oceanturismo.com.br\/index.php?rest_route=%2Fwp%2Fv2%2Fcomments&post=3597"}],"version-history":[{"count":1,"href":"https:\/\/oceanturismo.com.br\/index.php?rest_route=\/wp\/v2\/pages\/3597\/revisions"}],"predecessor-version":[{"id":3882,"href":"https:\/\/oceanturismo.com.br\/index.php?rest_route=\/wp\/v2\/pages\/3597\/revisions\/3882"}],"wp:attachment":[{"href":"https:\/\/oceanturismo.com.br\/index.php?rest_route=%2Fwp%2Fv2%2Fmedia&parent=3597"}],"curies":[{"name":"wp","href":"https:\/\/api.w.org\/{rel}","templated":true}]}}