{"id":3602,"date":"2021-05-20T13:09:24","date_gmt":"2021-05-20T16:09:24","guid":{"rendered":"https:\/\/oceanturismo.com.br\/?page_id=3602"},"modified":"2021-05-20T13:09:24","modified_gmt":"2021-05-20T16:09:24","slug":"dicas-para-sua-viagem","status":"publish","type":"page","link":"https:\/\/oceanturismo.com.br\/?page_id=3602","title":{"rendered":"Dicas para sua viagem"},"content":{"rendered":"<h4 class=\"text-justify\"><strong>Viajando com crian\u00e7as<\/strong><\/h4>\n<p class=\"text-justify\">Os cuidados em rela\u00e7\u00e3o a crian\u00e7as e adolescentes come\u00e7am na retirada do passaporte, se a viagem for internacional. Todos com menos de 18 anos de idade precisam da autoriza\u00e7\u00e3o expressa dos pais ou dos representantes legais, com firma reconhecida em cart\u00f3rio, n\u00fameros das c\u00e9dulas de identidade e as assinaturas para obter o documento. Caso n\u00e3o seja poss\u00edvel ter a autoriza\u00e7\u00e3o de um ou de ambos os pais ou do representante legal, essa medida poder\u00e1 ser pedida ao Juiz da Inf\u00e2ncia e Adolesc\u00eancia, que enviar\u00e1 of\u00edcio \u00e0 Pol\u00edcia Federal. O pagamento da taxa do passaporte tem de ser feito com CPF do representante legal. Para receber o documento pronto, o menor ter\u00e1 de comparecer pessoalmente e acompanhado do respons\u00e1vel legal. Quem tem filhos entre zero at\u00e9 cinco anos, o prazo de validade do passaporte ser\u00e1 determinado pela idade da crian\u00e7a. Se esta completou um ano de vida, ter\u00e1 prazo de doze meses; dois anos, 24 meses. At\u00e9 chegar aos cinco anos, quando a validade se torna igual \u00e0 do adulto.<\/p>\n<p class=\"text-justify\">Tanto a viagem nacional quanto a internacional precisa obedecer ao Estatuto da Crian\u00e7a e do Adolescente. O artigo 83 estabelece que nenhuma crian\u00e7a poder\u00e1 viajar para fora de onde reside desacompanhada dos pais ou do respons\u00e1vel legal sem expressa autoriza\u00e7\u00e3o judicial. No caso de viagem ao exterior, a autoriza\u00e7\u00e3o \u00e9 dispens\u00e1vel se a crian\u00e7a ou adolescente estiver acompanhado de ambos os pais ou do respons\u00e1vel legal ou se viajar na companhia de um dos pais, autorizado expressamente pelo outro atrav\u00e9s de documento com firma reconhecida.<\/p>\n<p class=\"text-justify\">O artigo 85 estabelece que sem pr\u00e9via e expressa autoriza\u00e7\u00e3o judicial, nenhuma crian\u00e7a ou adolescente nascido em territ\u00f3rio nacional poder\u00e1 sair do pa\u00eds em companhia de estrangeiro residente ou domiciliado no exterior. Para tirar qualquer d\u00favida, procure o Juizado de Menores mais pr\u00f3ximo de voc\u00ea.<\/p>\n<hr \/>\n<h4 class=\"text-justify\"><strong>Reservas e bilhetes<\/strong><\/h4>\n<p class=\"text-justify\">Alguns fatores podem alterar o pre\u00e7o dos bilhetes<\/p>\n<ul class=\"list-circle\">\n<li>Fique atento a eventuais promo\u00e7\u00f5es;<\/li>\n<li>Verifique quais s\u00e3o os procedimentos da companhia a\u00e9rea sobre multa por cancelamento, altera\u00e7\u00e3o e reembolso de tarifas;<\/li>\n<li>Lembre-se de confirmar os assentos;<\/li>\n<li>Providencie um e-ticket.<\/li>\n<\/ul>\n<p class=\"text-justify\">Na hora de fazer a reserva da passagem, n\u00e3o se esque\u00e7a de ter:<\/p>\n<ul class=\"list-circle\">\n<li>Nome do passageiro;<\/li>\n<li>Data da viagem;<\/li>\n<li>Rota;<\/li>\n<li>Classe de reserva (primeira classe; executiva ou econ\u00f4mica);<\/li>\n<li>Centro de custo ou unidade para d\u00e9bito;<\/li>\n<li>Nome do respons\u00e1vel pela reserva, ramal para contato, departamento e seu centro de custos;<\/li>\n<li>Companhia a\u00e9rea (quando houver prefer\u00eancia).<\/li>\n<\/ul>\n<hr \/>\n<h4 class=\"text-justify\"><strong>Tarifa de taxi nos EUA<\/strong><\/h4>\n<p class=\"text-justify\">Para estimar quanto voc\u00ea ir\u00e1 gastar em um trajeto de t\u00e1xi\u00a0<a href=\"https:\/\/www.taxifarefinder.com\/\" target=\"_blank\" rel=\"noopener\">clique aqui.<\/a><\/p>\n<hr \/>\n<h4 class=\"text-justify\"><strong>Hot\u00e9is e loca\u00e7\u00e3o de ve\u00edculos<\/strong><\/h4>\n<p class=\"text-justify\">Para solicitar uma reserva de hotel, s\u00e3o fundamentais as seguintes informa\u00e7\u00f5es:<\/p>\n<ul class=\"list-circle\">\n<li>Localiza\u00e7\u00e3o adequada no destino;<\/li>\n<li>Data de entrada (Check-in);<\/li>\n<li>Data de sa\u00edda (Check-out);<\/li>\n<li>Tipo de acomoda\u00e7\u00e3o (single, double, triple);<\/li>\n<li>Categoria da acomoda\u00e7\u00e3o (standard, superior, luxo, su\u00edte);<\/li>\n<li>Prefer\u00eancias do h\u00f3spede (andar alto, apto. para n\u00e3o fumante, vista para o mar, conex\u00e3o para microcomputador). Voc\u00ea receber\u00e1 o voucher de confirma\u00e7\u00e3o (hotel e loca\u00e7\u00e3o de carro).<\/li>\n<\/ul>\n<hr \/>\n<h4 class=\"text-justify\"><strong>Dicas \u00dateis<\/strong><\/h4>\n<p class=\"text-justify\">Observar com aten\u00e7\u00e3o os hor\u00e1rios de Check-in e Check-out. Observar as regras de cancelamento, a fim de evitar a cobran\u00e7a de no-show. Para reservas internacionais, ter em m\u00e3os o n\u00famero, nome do titular e validade do cart\u00e3o de cr\u00e9dito para garantir a reserva.<\/p>\n<p class=\"text-justify\">Para solicitar a loca\u00e7\u00e3o de ve\u00edculo, informar:<\/p>\n<ul class=\"list-circle\">\n<li>Tipo de ve\u00edculo;<\/li>\n<li>N\u00famero de dias necess\u00e1rios e devolu\u00e7\u00e3o;<\/li>\n<li>Local de retirada do ve\u00edculo: aeroporto ou locadora;<\/li>\n<li>Data e hor\u00e1rio da retirada e devolu\u00e7\u00e3o;<\/li>\n<li>Tipo de Seguro: total ou parcial;<\/li>\n<\/ul>\n<p class=\"text-justify\">Toda reserva de hotel ou carro no exterior, independente se for pr\u00e9-pago no Brasil, o fornecedor se coloca no direito de solicitar um cart\u00e3o de cr\u00e9dito do condutor do ve\u00edculo como garantia.<\/p>\n<hr \/>\n<h4 class=\"text-justify\"><strong>Documenta\u00e7\u00e3o<\/strong><\/h4>\n<p class=\"text-justify\">Antes de realizar sua reserva, verifique os seguintes itens da documenta\u00e7\u00e3o:<\/p>\n<ul class=\"list-circle\">\n<li>Validade do passaporte;<\/li>\n<li>Validade do visto, se necess\u00e1rio;<\/li>\n<li>Atestado de vacina;<\/li>\n<li>Permiss\u00e3o internacional para conduzir (Habilita\u00e7\u00e3o Internacional);<\/li>\n<\/ul>\n<p class=\"text-justify\">Carteira de identidade original em voos dom\u00e9sticos e para diversos pa\u00edses da Am\u00e9rica do Sul, desde que apresente bom estado de conserva\u00e7\u00e3o e foto de identifica\u00e7\u00e3o do portador.<\/p>\n<hr \/>\n<h4 class=\"text-justify\"><strong>Perda de bilhetes<\/strong><\/h4>\n<p class=\"text-justify\">Em caso de perda do seu bilhete, v\u00e1 at\u00e9 a ag\u00eancia que o emitiu e solicite a segunda via. Se estiver em viagem, \u00e9 necess\u00e1rio procurar a companhia a\u00e9rea.<\/p>\n<p class=\"text-justify\">Voc\u00ea assinar\u00e1 um termo de responsabilidade, comprometendo-se a ressarcir a empresa a\u00e9rea caso o bilhete, extraviado ou perdido, venha a ser utilizado.<\/p>\n<hr \/>\n<h4 class=\"text-justify\"><strong>Bagagem<\/strong><\/h4>\n<p class=\"text-justify\">Seguem abaixo algumas informa\u00e7\u00f5es sobre bagagem:<\/p>\n<ul class=\"list-circle\">\n<li>Para a Europa e os Estados Unidos, o passageiro tem direito a 2 volumes de at\u00e9 32 quilos cada, em qualquer classe de servi\u00e7o: primeira, executiva e econ\u00f4mica.<\/li>\n<li>Nas viagens nacionais o passageiro tem direito a 20 quilos, por\u00e9m a bagagem de m\u00e3o n\u00e3o pode ultrapassar os 5 quilos.<\/li>\n<li>Crian\u00e7as com menos de 2 anos n\u00e3o t\u00eam direito a bagagem.<\/li>\n<li>Excesso de bagagem (peso al\u00e9m da franquia) tem o seu transporte sujeito ao pagamento de uma taxa de 1% do valor do bilhete n\u00e3o promocional por quilo.<\/li>\n<li>Animais s\u00e3o sempre pagos como excesso de bagagem, mesmo que n\u00e3o tenha excedido o limite permitido pela companhia a\u00e9rea.<\/li>\n<\/ul>\n<p>&nbsp;<\/p>\n<hr \/>\n<h4 class=\"text-justify\"><strong>Extravio<\/strong><\/h4>\n<p class=\"text-justify\">No despacho de bagagens, a empresa a\u00e9rea entrega ao passageiro o comprovante da bagagem embarcada, indicando os pontos de partida e destino, al\u00e9m do n\u00famero da etiqueta de bagagem, quantidade e peso.<\/p>\n<p class=\"text-justify\">Em caso de bagagem extraviada ou danificada, reclame imediatamente ao representante da companhia a\u00e9rea ou autoridade presente no local de retirada da bagagem (companhias a\u00e9reas n\u00e3o aceitam reclama\u00e7\u00f5es posteriores).<\/p>\n<p class=\"text-justify\">Para facilitar a identifica\u00e7\u00e3o e localiza\u00e7\u00e3o em caso de extravio, o passageiro deve colocar etiqueta, por fora da bagagem, com nome, endere\u00e7o completo e telefone.<\/p>\n<p class=\"text-justify\">O passageiro que tiver a bagagem extraviada receber\u00e1 da companhia a\u00e9rea, na hora, o equivalente a R$ 305, de acordo com uma norma em elabora\u00e7\u00e3o na Anac (Ag\u00eancia Nacional de Avia\u00e7\u00e3o Civil).<\/p>\n<hr \/>\n<h4 class=\"text-justify\"><strong>Materiais proibidos<\/strong><\/h4>\n<p class=\"text-justify\">Agentes venenosos, combust\u00edvel l\u00edquido, explosivos, materiais corrosivos, inflam\u00e1veis, oxidantes, radioativos e materiais que possam colocar em risco a seguran\u00e7a dos passageiros e da aeronave s\u00e3o considerados perigosos para o transporte a\u00e9reo; portanto, s\u00e3o proibidos.<\/p>\n<hr \/>\n<h4 class=\"text-justify\"><strong>Aeroportos<\/strong><\/h4>\n<p class=\"text-justify\">Para n\u00e3o ter nenhum problema nos aeroportos, veja as dicas:<\/p>\n<ul class=\"list-circle\">\n<li>Em viagens nacionais, procure chegar com cerca de uma hora de anteced\u00eancia;<\/li>\n<li>Em viagens internacionais, chegue ao aeroporto com at\u00e9 duas horas de anteced\u00eancia e n\u00e3o esque\u00e7a que a reafirma\u00e7\u00e3o da reserva \u00e9 obrigat\u00f3ria at\u00e9 72 horas antes do hor\u00e1rio de partida do avi\u00e3o;<\/li>\n<li>Em ambos os casos, se paga apenas a taxa de embarque e pode-se usufruir de apoio e seguran\u00e7a total nos aeroportos, que seguem padr\u00f5es e normas internacionais para comodidade e seguran\u00e7a do passageiro, oferecendo atendimento m\u00e9dico de emerg\u00eancia em pontos de maior movimento e dispondo de servi\u00e7os para registro de queixas e de se\u00e7\u00f5es de &#8220;Achados e Perdidos&#8221;;<\/li>\n<\/ul>\n<p class=\"text-justify\">Turistas brasileiros procedentes do exterior, por via a\u00e9rea, est\u00e3o isentos de impostos referentes a roupas e objetos pessoais, em quantidade compat\u00edvel com a dura\u00e7\u00e3o e a finalidade da viagem. Tamb\u00e9m podem fazer compras de at\u00e9 U$$ 500,00 no Free Shop.<\/p>\n<hr \/>\n<h4 class=\"text-justify\"><strong>Fazendo as malas<\/strong><\/h4>\n<p class=\"text-justify\"><strong>Coloque na mala:<\/strong><\/p>\n<p class=\"text-justify\">\n<ul class=\"list-circle\">\n<li>Roupas em tons de preto, cinza, marrom, c\u00e1qui e branco, que combinem entre si e com todas as outras;<\/li>\n<li>Pe\u00e7as leves e coloridas para renovar o visual, como camisetas e echarpes;<\/li>\n<li>Shampoo, cremes e perfumes em potes e vidros pequenos de no m\u00e1ximo 100ml. Maiores que isso devem ser despachados;<\/li>\n<li>Algumas roupas do seu parceiro, quando estiver viajando com algu\u00e9m. Assim, se uma das malas sumir, nenhum dos dois ficar\u00e1 sem nada;<\/li>\n<li>Um par de sapatos bem confort\u00e1vel, ou t\u00eanis, para as caminhadas.<\/li>\n<\/ul>\n<p class=\"text-justify\"><strong>Verificar se \u00e9 mesmo necess\u00e1rio:<\/strong><\/p>\n<ul class=\"list-circle\">\n<li>O terceiro par de sapatos;<\/li>\n<li>O terceiro casaco. Por mais frio que esteja, voc\u00ea s\u00f3 usar\u00e1 um de dia o outro mais pesado \u00e0 noite;<\/li>\n<li>Roupas extravagantes, que s\u00f3 combinem com elas mesmas;<\/li>\n<li>O segundo terno. A n\u00e3o ser que voc\u00ea tenha v\u00e1rios compromissos profissionais;<\/li>\n<li>Secador de cabelo. Voc\u00ea encontrar\u00e1 um na maioria dos hot\u00e9is;<\/li>\n<li>Ferro de passar. Numa emerg\u00eancia, coloque as roupas num cabide dentro do banheiro, na hora do banho. O calor do chuveiro se encarregar\u00e1 de desamass\u00e1-las;<\/li>\n<li>Tudo que voc\u00ea pretende comprar novo na viagem.<\/li>\n<\/ul>\n","protected":false},"excerpt":{"rendered":"<p>Viajando com crian\u00e7as Os cuidados em rela\u00e7\u00e3o a crian\u00e7as e adolescentes come\u00e7am na retirada do passaporte, se a viagem for internacional. Todos com menos de 18 anos de idade precisam da autoriza\u00e7\u00e3o expressa dos pais ou dos representantes legais, com firma reconhecida em cart\u00f3rio, n\u00fameros das [&hellip;]<\/p>\n","protected":false},"author":1,"featured_media":0,"parent":0,"menu_order":0,"comment_status":"closed","ping_status":"closed","template":"","meta":{"footnotes":""},"class_list":["post-3602","page","type-page","status-publish","hentry"],"jetpack_sharing_enabled":true,"jetpack-related-posts":[{"id":3604,"url":"https:\/\/oceanturismo.com.br\/?page_id=3604","url_meta":{"origin":3602,"position":0},"title":"Documenta\u00e7\u00e3o e vistos","author":"galdino.ws","date":"20 de maio de 2021","format":false,"excerpt":"Alertas importantes Leve consigo os endere\u00e7os e telefones das Embaixadas e Consulados brasileiros no seu pa\u00eds de destino. Em caso de dificuldade n\u00e3o hesite em contat\u00e1-las; Caso seja detido por alguma autoridade estrangeira, voc\u00ea tem o direito de pedir para telefonar para sua Embaixada ou Consulado. Fa\u00e7a uso desse direito;\u2026","rel":"","context":"Post similar","block_context":{"text":"Post similar","link":""},"img":{"alt_text":"","src":"","width":0,"height":0},"classes":[]},{"id":3833,"url":"https:\/\/oceanturismo.com.br\/?page_id=3833","url_meta":{"origin":3602,"position":1},"title":"Termos de Uso e Condi\u00e7\u00f5es","author":"galdino.ws","date":"24 de junho de 2021","format":false,"excerpt":"Os termos abaixo se referem aos servi\u00e7os prestados pelo site da nossa empresa. 1. Por este Termo de Uso, o USU\u00c1RIO fica ciente e concorda que, ao utilizar os servi\u00e7os oferecidos pelo portal da CONTRATADA, aceita automaticamente e integralmente todas as condi\u00e7\u00f5es que constam neste Termo, bem como qualquer de\u2026","rel":"","context":"Post similar","block_context":{"text":"Post similar","link":""},"img":{"alt_text":"","src":"","width":0,"height":0},"classes":[]},{"id":3615,"url":"https:\/\/oceanturismo.com.br\/?page_id=3615","url_meta":{"origin":3602,"position":2},"title":"Direitos do viajante","author":"galdino.ws","date":"20 de maio de 2021","format":false,"excerpt":"Conhe\u00e7a os direitos que, como viajante, nas mais diversas situa\u00e7\u00f5es, voc\u00ea possui em qualquer lugar do mundo. Atraso ou Interrup\u00e7\u00e3o de Voo Atrasos de quatro horas ou mais nos voos permitem o endosso do valor do bilhete e de todas as despesas decorrentes do atraso ou da interrup\u00e7\u00e3o de voos\u2026","rel":"","context":"Post similar","block_context":{"text":"Post similar","link":""},"img":{"alt_text":"","src":"","width":0,"height":0},"classes":[]},{"id":3609,"url":"https:\/\/oceanturismo.com.br\/?page_id=3609","url_meta":{"origin":3602,"position":3},"title":"Alf\u00e2ndega","author":"galdino.ws","date":"20 de maio de 2021","format":false,"excerpt":"Quais s\u00e3o os cuidados e cotas necess\u00e1rias para n\u00e3o ter problemas na alf\u00e2ndega? Embarque: N\u00e3o h\u00e1 cota para embarque no Brasil, mas as compras realizadas aqui est\u00e3o inclusas dentro da cota do exterior, de US$ 500,00, e que n\u00e3o considera roupas e objetos de uso pessoal. Por isso, \u00e9 o\u2026","rel":"","context":"Post similar","block_context":{"text":"Post similar","link":""},"img":{"alt_text":"","src":"","width":0,"height":0},"classes":[]},{"id":3817,"url":"https:\/\/oceanturismo.com.br\/?page_id=3817","url_meta":{"origin":3602,"position":4},"title":"Seguro viagem","author":"galdino.ws","date":"24 de junho de 2021","format":false,"excerpt":"O que \u00e9 Seguro Viagem? O\u00a0seguro viagem\u00a0\u00e9 um servi\u00e7o que oferece assist\u00eancia m\u00e9dica e outras coberturas a pessoas em tr\u00e2nsito, seja em destinos nacionais ou internacionais. Ele \u00e9 exigido para a entrada em alguns pa\u00edses, a exemplo dos pa\u00edses europeus que integram o Acordo de Schengen.","rel":"","context":"Post similar","block_context":{"text":"Post similar","link":""},"img":{"alt_text":"","src":"https:\/\/i0.wp.com\/oceanturismo.com.br\/wp-content\/uploads\/2014\/10\/1600x1200-12-1.jpg?fit=1200%2C900&ssl=1&resize=350%2C200","width":350,"height":200,"srcset":"https:\/\/i0.wp.com\/oceanturismo.com.br\/wp-content\/uploads\/2014\/10\/1600x1200-12-1.jpg?fit=1200%2C900&ssl=1&resize=350%2C200 1x, https:\/\/i0.wp.com\/oceanturismo.com.br\/wp-content\/uploads\/2014\/10\/1600x1200-12-1.jpg?fit=1200%2C900&ssl=1&resize=525%2C300 1.5x, https:\/\/i0.wp.com\/oceanturismo.com.br\/wp-content\/uploads\/2014\/10\/1600x1200-12-1.jpg?fit=1200%2C900&ssl=1&resize=700%2C400 2x, https:\/\/i0.wp.com\/oceanturismo.com.br\/wp-content\/uploads\/2014\/10\/1600x1200-12-1.jpg?fit=1200%2C900&ssl=1&resize=1050%2C600 3x"},"classes":[]},{"id":3622,"url":"https:\/\/oceanturismo.com.br\/?page_id=3622","url_meta":{"origin":3602,"position":5},"title":"Sa\u00fade &#8211; Dicas e vacinas","author":"galdino.ws","date":"20 de maio de 2021","format":false,"excerpt":"A \u00c1rea de Orienta\u00e7\u00e3o e Controle Sanit\u00e1rio de Viajantes tem como uma de suas responsabilidades estabelecer medidas para diminuir os riscos de um viajante vir a adquirir qualquer doen\u00e7a ou agravo de import\u00e2ncia em sa\u00fade p\u00fablica durante a viagem. Por sua vez, as empresas de transportes de passageiros devem cumprir\u2026","rel":"","context":"Post similar","block_context":{"text":"Post similar","link":""},"img":{"alt_text":"","src":"","width":0,"height":0},"classes":[]}],"_links":{"self":[{"href":"https:\/\/oceanturismo.com.br\/index.php?rest_route=\/wp\/v2\/pages\/3602","targetHints":{"allow":["GET"]}}],"collection":[{"href":"https:\/\/oceanturismo.com.br\/index.php?rest_route=\/wp\/v2\/pages"}],"about":[{"href":"https:\/\/oceanturismo.com.br\/index.php?rest_route=\/wp\/v2\/types\/page"}],"author":[{"embeddable":true,"href":"https:\/\/oceanturismo.com.br\/index.php?rest_route=\/wp\/v2\/users\/1"}],"replies":[{"embeddable":true,"href":"https:\/\/oceanturismo.com.br\/index.php?rest_route=%2Fwp%2Fv2%2Fcomments&post=3602"}],"version-history":[{"count":0,"href":"https:\/\/oceanturismo.com.br\/index.php?rest_route=\/wp\/v2\/pages\/3602\/revisions"}],"wp:attachment":[{"href":"https:\/\/oceanturismo.com.br\/index.php?rest_route=%2Fwp%2Fv2%2Fmedia&parent=3602"}],"curies":[{"name":"wp","href":"https:\/\/api.w.org\/{rel}","templated":true}]}}