{"id":3604,"date":"2021-05-20T13:10:01","date_gmt":"2021-05-20T16:10:01","guid":{"rendered":"https:\/\/oceanturismo.com.br\/?page_id=3604"},"modified":"2021-05-20T13:10:01","modified_gmt":"2021-05-20T16:10:01","slug":"documentacao-e-vistos","status":"publish","type":"page","link":"https:\/\/oceanturismo.com.br\/?page_id=3604","title":{"rendered":"Documenta\u00e7\u00e3o e vistos"},"content":{"rendered":"<h4 class=\"text-justify\"><strong>Alertas importantes<\/strong><\/h4>\n<ul class=\"list-circle\">\n<li>Leve consigo os endere\u00e7os e telefones das Embaixadas e Consulados brasileiros no seu pa\u00eds de destino. Em caso de dificuldade n\u00e3o hesite em contat\u00e1-las;<\/li>\n<li>Caso seja detido por alguma autoridade estrangeira, voc\u00ea tem o direito de pedir para telefonar para sua Embaixada ou Consulado. Fa\u00e7a uso desse direito;<\/li>\n<li>Quando for viajar leve sempre c\u00f3pia dos seus documentos (carteira de identidade, t\u00edtulo de eleitor, certificado de alistamento militar, certid\u00e3o de nascimento ou casamento). Eles ser\u00e3o necess\u00e1rios para tirar novo passaporte no exterior em caso de extravio do anterior.<\/li>\n<\/ul>\n<hr \/>\n<h4 class=\"text-justify\"><strong>Vacinas<\/strong><\/h4>\n<p class=\"text-justify\">A vacina\u00e7\u00e3o do viajante contra doen\u00e7as infecciosas serve para dois prop\u00f3sitos:<\/p>\n<ul class=\"list-circle\">\n<li>Para proteger a pessoa que pode ficar exposta a infec\u00e7\u00e3o;<\/li>\n<li>Para proteger os Pa\u00edses dos riscos de importar a infec\u00e7\u00e3o;<\/li>\n<\/ul>\n<p class=\"text-justify\">Por isso, sempre antes de viajar verifique se seu Pa\u00eds de destino \u00e9 considerado \u00e1rea end\u00eamica para alguma doen\u00e7a e se o mesmo exige alguma vacina espec\u00edfica.<\/p>\n<hr \/>\n<h4 class=\"text-justify\"><strong>Viagens na Am\u00e9rica do Sul<\/strong><\/h4>\n<p class=\"text-justify\">Nos pa\u00edses membros do Mercosul (Argentina, Paraguai, Uruguai) e nos pa\u00edses associados (Chile, Peru e Bol\u00edvia) e recentemente (Equador,Col\u00f4mbia e Venezuela) n\u00e3o \u00e9 obrigat\u00f3rio o uso do passaporte. A carteira de identidade v\u00e1lida \u00e9 o suficiente. Pa\u00edses como Peru e Bol\u00edvia as vezes implicam com o RG, ent\u00e3o ser\u00e1 mais seguro portar o passaporte. Caso voc\u00ea pretenda ir para o Caribe Colombiano o RG n\u00e3o \u00e9 aceito na entrada das ilhas. Caso voc\u00ea n\u00e3o tenha passaporte, ser\u00e1 necess\u00e1rio uma autoriza\u00e7\u00e3o do Consulado Brasileiro para o ingresso nas ilhas.<\/p>\n<p class=\"text-justify\">Para a carteira de identidade ser v\u00e1lida \u00e9 preciso estar em boas condi\u00e7\u00f5es e ter sido expedida em at\u00e9 dez anos antes do ano da viagem. Vale lembrar que \u00e9 permitido apenas o RG, n\u00e3o valendo carteira de habilita\u00e7\u00e3o, carteira de trabalho, entre outras.<\/p>\n<p class=\"text-justify\">Como vimos anteriormente, quase todos os pa\u00edses da Am\u00e9rica do Sul aceitam a carteira de identidade (v\u00e1lida) para ingresso no pa\u00eds. No entanto os pa\u00edses: Guiana, Suriname e Guiana Francesa \u2013 ainda exigem o passaporte v\u00e1lido.<\/p>\n<p class=\"text-justify\">Em alguns estados brasileiros e pa\u00edses da Am\u00e9rica do Sul como: Bol\u00edvia, Peru, Col\u00f4mbia, Equador, Guiana, Guiana Francesa, Suriname, Paraguai e Venezuela \u00e9 necess\u00e1rio estar vacinado contra a Febre Amarela. A vacina \u00e9 gratuita e disponibilizada nas unidades de sa\u00fade. Estando de posse do seu cart\u00e3o de vacina\u00e7\u00e3o v\u00e1 a um posto da ANVISA (Ag\u00eancia Nacional de Vigil\u00e2ncia Sanit\u00e1ria) localizado nos aeroportos para a troca da carteira pelo Certificado Internacional de Vacina\u00e7\u00e3o. \u00c9 importante tomar a vacina com no m\u00ednimo 10 dias de anteced\u00eancia da sua viagem.<\/p>\n<hr \/>\n<h4 class=\"text-justify\"><strong>Passaporte<\/strong><\/h4>\n<p class=\"text-justify\">Para passaportes, a validade tem que ser de pelo menos 6 meses antes da sua viagem. Caso contr\u00e1rio pode n\u00e3o ser aceito na fronteira. Observe a lista abaixo dos documentos necess\u00e1rios para obten\u00e7\u00e3o do passaporte:<\/p>\n<ul class=\"list-decimal\">\n<li>Foto:<br \/>\nN\u00e3o \u00e9 necess\u00e1rio levar foto\/fornecer foto. Ela ser\u00e1 tirada digitalmente no momento da entrevista;<br \/>\nEm caso de crian\u00e7as de colo dever\u00e1 ser fornecida foto 5&#215;7 cm, colorida, com fundo branco.<\/li>\n<li>Identidade, CPF, t\u00edtulo de eleitor e comprovante de resid\u00eancia:<br \/>\nC\u00f3pias e originais;<br \/>\nIdentidade e CPF dos pais em caso de menor de idade;<br \/>\nComprovante de voto das duas \u00faltimas elei\u00e7\u00f5es;<br \/>\nSe casado certid\u00e3o de casamento, sen\u00e3o certid\u00e3o de nascimento;<br \/>\nCaso tenha, passaporte anterior (v\u00e1lido ou vencido).<\/li>\n<li>Certificado de reservista:<br \/>\nC\u00f3pia e original (atrav\u00e9s de despachante s\u00f3 \u00e9 necess\u00e1rio c\u00f3pia);<br \/>\nApresenta\u00e7\u00e3o obrigat\u00f3ria para homens com at\u00e9 46 anos.<\/li>\n<li>Taxas:<br \/>\nPara quem vai tirar o passaporte pessoalmente s\u00f3 \u00e9 necess\u00e1rio o pagamento do &#8220;DARF&#8221;;<br \/>\nTirando o passaporte por meio de despachante, o &#8220;DARF&#8221; dever\u00e1 estar incluso no servi\u00e7o.<\/li>\n<\/ul>\n<p class=\"text-justify\"><strong>Para Solicitar seu Passaporte:<\/strong><\/p>\n<p class=\"text-justify\">Procure uma unidade da Pol\u00edcia Federal mais pr\u00f3xima da sua casa;<\/p>\n<p class=\"text-justify\">O prazo normal para a obten\u00e7\u00e3o do passaporte \u00e9 de cinco dias \u00fateis, podendo ser reduzido para tr\u00eas dias ou at\u00e9 mesmo 24 horas mediante pagamento da taxa de urg\u00eancia equivalente;<\/p>\n<p class=\"text-justify\">A requisi\u00e7\u00e3o a ser preenchida cont\u00e9m a lista dos documentos necess\u00e1rios e os formul\u00e1rios oficiais da Pol\u00edcia Federal.<\/p>\n<p class=\"text-justify\"><strong>Perdeu o Passaporte?<\/strong><\/p>\n<p class=\"text-justify\">Voc\u00ea est\u00e1 em plena viagem ao exterior e se d\u00e1 conta de que perdeu o passaporte. O que fazer? Em caso de perda ou roubo de passaporte, procure imediatamente o Consulado Brasileiro no pa\u00eds em que voc\u00ea estiver, eles providenciar\u00e3o a reemiss\u00e3o do seu documento; N\u00e3o hesite em ir ao consulado, pois caso voc\u00ea seja abordado sem o passaporte, por qualquer autoridade estrangeira, voc\u00ea poder\u00e1 ser preso e deportado ao seu pa\u00eds de origem.<\/p>\n<hr \/>\n<h4 class=\"text-justify\"><strong>Autoriza\u00e7\u00e3o para embarques de menores<\/strong><\/h4>\n<p class=\"text-justify\">Para menores de idade viajando desacompanhados \u00e9 obrigat\u00f3rio portar a carta de autoriza\u00e7\u00e3o assinada pelos pais (Pai ou M\u00e3e). Menores viajando acompanhados de respons\u00e1veis n\u00e3o legais, precisam apresentar a autoriza\u00e7\u00e3o do respons\u00e1vel legal que n\u00e3o ir\u00e1 acompanh\u00e1-lo.<\/p>\n","protected":false},"excerpt":{"rendered":"<p>Alertas importantes Leve consigo os endere\u00e7os e telefones das Embaixadas e Consulados brasileiros no seu pa\u00eds de destino. Em caso de dificuldade n\u00e3o hesite em contat\u00e1-las; Caso seja detido por alguma autoridade estrangeira, voc\u00ea tem o direito de pedir para telefonar para sua Embaixada ou Consulado. [&hellip;]<\/p>\n","protected":false},"author":1,"featured_media":0,"parent":0,"menu_order":0,"comment_status":"closed","ping_status":"closed","template":"","meta":{"footnotes":""},"class_list":["post-3604","page","type-page","status-publish","hentry"],"jetpack_sharing_enabled":true,"jetpack-related-posts":[{"id":3622,"url":"https:\/\/oceanturismo.com.br\/?page_id=3622","url_meta":{"origin":3604,"position":0},"title":"Sa\u00fade &#8211; Dicas e vacinas","author":"galdino.ws","date":"20 de maio de 2021","format":false,"excerpt":"A \u00c1rea de Orienta\u00e7\u00e3o e Controle Sanit\u00e1rio de Viajantes tem como uma de suas responsabilidades estabelecer medidas para diminuir os riscos de um viajante vir a adquirir qualquer doen\u00e7a ou agravo de import\u00e2ncia em sa\u00fade p\u00fablica durante a viagem. Por sua vez, as empresas de transportes de passageiros devem cumprir\u2026","rel":"","context":"Post similar","block_context":{"text":"Post similar","link":""},"img":{"alt_text":"","src":"","width":0,"height":0},"classes":[]},{"id":3602,"url":"https:\/\/oceanturismo.com.br\/?page_id=3602","url_meta":{"origin":3604,"position":1},"title":"Dicas para sua viagem","author":"galdino.ws","date":"20 de maio de 2021","format":false,"excerpt":"Viajando com crian\u00e7as Os cuidados em rela\u00e7\u00e3o a crian\u00e7as e adolescentes come\u00e7am na retirada do passaporte, se a viagem for internacional. Todos com menos de 18 anos de idade precisam da autoriza\u00e7\u00e3o expressa dos pais ou dos representantes legais, com firma reconhecida em cart\u00f3rio, n\u00fameros das c\u00e9dulas de identidade e\u2026","rel":"","context":"Post similar","block_context":{"text":"Post similar","link":""},"img":{"alt_text":"","src":"","width":0,"height":0},"classes":[]},{"id":3624,"url":"https:\/\/oceanturismo.com.br\/?page_id=3624","url_meta":{"origin":3604,"position":2},"title":"Transporte de animais","author":"galdino.ws","date":"20 de maio de 2021","format":false,"excerpt":"Para transportar animais em viagens \u00e9 necess\u00e1rio seguir normas muito importantes. A primeira delas \u00e9 adquirir o Guia de Transporte Animal (GTA) para viagens em territ\u00f3rio nacional, e o Zoonit\u00e1rio Internacional (ZT) em caso de viagens para o exterior. Para obten\u00e7\u00e3o de ambos deve-se entrar em contato com o Minist\u00e9rio\u2026","rel":"","context":"Post similar","block_context":{"text":"Post similar","link":""},"img":{"alt_text":"","src":"","width":0,"height":0},"classes":[]},{"id":3615,"url":"https:\/\/oceanturismo.com.br\/?page_id=3615","url_meta":{"origin":3604,"position":3},"title":"Direitos do viajante","author":"galdino.ws","date":"20 de maio de 2021","format":false,"excerpt":"Conhe\u00e7a os direitos que, como viajante, nas mais diversas situa\u00e7\u00f5es, voc\u00ea possui em qualquer lugar do mundo. Atraso ou Interrup\u00e7\u00e3o de Voo Atrasos de quatro horas ou mais nos voos permitem o endosso do valor do bilhete e de todas as despesas decorrentes do atraso ou da interrup\u00e7\u00e3o de voos\u2026","rel":"","context":"Post similar","block_context":{"text":"Post similar","link":""},"img":{"alt_text":"","src":"","width":0,"height":0},"classes":[]},{"id":3833,"url":"https:\/\/oceanturismo.com.br\/?page_id=3833","url_meta":{"origin":3604,"position":4},"title":"Termos de Uso e Condi\u00e7\u00f5es","author":"galdino.ws","date":"24 de junho de 2021","format":false,"excerpt":"Os termos abaixo se referem aos servi\u00e7os prestados pelo site da nossa empresa. 1. Por este Termo de Uso, o USU\u00c1RIO fica ciente e concorda que, ao utilizar os servi\u00e7os oferecidos pelo portal da CONTRATADA, aceita automaticamente e integralmente todas as condi\u00e7\u00f5es que constam neste Termo, bem como qualquer de\u2026","rel":"","context":"Post similar","block_context":{"text":"Post similar","link":""},"img":{"alt_text":"","src":"","width":0,"height":0},"classes":[]},{"id":3600,"url":"https:\/\/oceanturismo.com.br\/?page_id=3600","url_meta":{"origin":3604,"position":5},"title":"C\u00d3DIGO DE CONDUTA FLYTOUR","author":"galdino.ws","date":"20 de maio de 2021","format":false,"excerpt":"O C\u00f3digo da Ocean Turismo foi aprovado em 06 de outubro de 2009, vem sendo divulgado e praticado e traz agora a vers\u00e3o revisada e atualizada a partir da implanta\u00e7\u00e3o da Pol\u00edtica de Compliance desenvolvida pelo Comit\u00ea de Compliance da Ocean Turismo e passar\u00e1 a ser denominado C\u00f3digo de Conduta\u2026","rel":"","context":"Post similar","block_context":{"text":"Post similar","link":""},"img":{"alt_text":"","src":"","width":0,"height":0},"classes":[]}],"_links":{"self":[{"href":"https:\/\/oceanturismo.com.br\/index.php?rest_route=\/wp\/v2\/pages\/3604","targetHints":{"allow":["GET"]}}],"collection":[{"href":"https:\/\/oceanturismo.com.br\/index.php?rest_route=\/wp\/v2\/pages"}],"about":[{"href":"https:\/\/oceanturismo.com.br\/index.php?rest_route=\/wp\/v2\/types\/page"}],"author":[{"embeddable":true,"href":"https:\/\/oceanturismo.com.br\/index.php?rest_route=\/wp\/v2\/users\/1"}],"replies":[{"embeddable":true,"href":"https:\/\/oceanturismo.com.br\/index.php?rest_route=%2Fwp%2Fv2%2Fcomments&post=3604"}],"version-history":[{"count":0,"href":"https:\/\/oceanturismo.com.br\/index.php?rest_route=\/wp\/v2\/pages\/3604\/revisions"}],"wp:attachment":[{"href":"https:\/\/oceanturismo.com.br\/index.php?rest_route=%2Fwp%2Fv2%2Fmedia&parent=3604"}],"curies":[{"name":"wp","href":"https:\/\/api.w.org\/{rel}","templated":true}]}}