{"id":3606,"date":"2021-05-20T13:10:43","date_gmt":"2021-05-20T16:10:43","guid":{"rendered":"https:\/\/oceanturismo.com.br\/?page_id=3606"},"modified":"2021-05-20T13:10:43","modified_gmt":"2021-05-20T16:10:43","slug":"conversao-de-medidas","status":"publish","type":"page","link":"https:\/\/oceanturismo.com.br\/?page_id=3606","title":{"rendered":"Convers\u00e3o de medidas"},"content":{"rendered":"<h4 class=\"text-justify margin-top-2x margin-bottom-2x\"><strong>Cal\u00e7ados<\/strong><\/h4>\n<div class=\"row\">\n<div class=\"col-sm-6\">\n<p class=\"text-justify\"><strong>Cal\u00e7ados Masculinos<\/strong><\/p>\n<div class=\"table-responsive text-center\">\n<table class=\"table table-hover table-striped\">\n<thead class=\"background-color-gray-90\">\n<tr>\n<th class=\"text-center\" scope=\"col\">Brasil<\/th>\n<th class=\"text-center\" scope=\"col\">Inglaterra<\/th>\n<th class=\"text-center\" scope=\"col\">EUA<\/th>\n<th class=\"text-center\" scope=\"col\">Fran\u00e7a<\/th>\n<\/tr>\n<\/thead>\n<tbody>\n<tr>\n<td>36<\/td>\n<td>5<\/td>\n<td>5<\/td>\n<td>38<\/td>\n<\/tr>\n<tr>\n<td>37<\/td>\n<td>6<\/td>\n<td>6<\/td>\n<td>39<\/td>\n<\/tr>\n<tr>\n<td>38<\/td>\n<td>7<\/td>\n<td>7<\/td>\n<td>40<\/td>\n<\/tr>\n<tr>\n<td>39<\/td>\n<td>7,5<\/td>\n<td>7,5<\/td>\n<td>41<\/td>\n<\/tr>\n<tr>\n<td>40<\/td>\n<td>8<\/td>\n<td>8<\/td>\n<td>42<\/td>\n<\/tr>\n<tr>\n<td>41<\/td>\n<td>9<\/td>\n<td>9<\/td>\n<td>43<\/td>\n<\/tr>\n<tr>\n<td>42<\/td>\n<td>10<\/td>\n<td>10<\/td>\n<td>44<\/td>\n<\/tr>\n<\/tbody>\n<\/table>\n<\/div>\n<\/div>\n<div class=\"col-sm-6\">\n<p class=\"text-justify\"><strong>Cal\u00e7ados Femininos<\/strong><\/p>\n<div class=\"table-responsive\">\n<table class=\"table table-hover table-striped text-center\">\n<thead class=\"background-color-gray-90\">\n<tr>\n<th class=\"text-center\" scope=\"col\">Brasil<\/th>\n<th class=\"text-center\" scope=\"col\">Inglaterra<\/th>\n<th class=\"text-center\" scope=\"col\">EUA<\/th>\n<th class=\"text-center\" scope=\"col\">Fran\u00e7a<\/th>\n<\/tr>\n<\/thead>\n<tbody>\n<tr>\n<td>36<\/td>\n<td>3,5<\/td>\n<td>4,5<\/td>\n<td>36<\/td>\n<\/tr>\n<tr>\n<td>&#8211;<\/td>\n<td>4<\/td>\n<td>5<\/td>\n<td>36,5<\/td>\n<\/tr>\n<tr>\n<td>37<\/td>\n<td>4,5<\/td>\n<td>5,5<\/td>\n<td>37<\/td>\n<\/tr>\n<tr>\n<td>&#8211;<\/td>\n<td>5<\/td>\n<td>6<\/td>\n<td>37,5<\/td>\n<\/tr>\n<tr>\n<td>38<\/td>\n<td>5,5<\/td>\n<td>6,5<\/td>\n<td>38<\/td>\n<\/tr>\n<tr>\n<td>38,5<\/td>\n<td>6<\/td>\n<td>7,5<\/td>\n<td>38,5<\/td>\n<\/tr>\n<tr>\n<td>39<\/td>\n<td>6,5<\/td>\n<td>8<\/td>\n<td>39<\/td>\n<\/tr>\n<\/tbody>\n<\/table>\n<\/div>\n<\/div>\n<\/div>\n<hr \/>\n<h4 class=\"text-justify margin-top-2x margin-bottom-2x\"><strong>Pesos e medidas<\/strong><\/h4>\n<div class=\"row\">\n<div class=\"col-sm-12\">\n<div class=\"table-responsive text-center\">\n<table class=\"table table-hover table-striped\">\n<thead class=\"background-color-gray-90\">\n<tr>\n<th class=\"text-center\" scope=\"col\">Peso e Massa<\/th>\n<th class=\"text-center\" scope=\"col\">Comprimento<\/th>\n<th class=\"text-center\" scope=\"col\">Velocidade<\/th>\n<\/tr>\n<\/thead>\n<tbody>\n<tr>\n<td>1 On\u00e7a = 28,35g<\/td>\n<td>1 P\u00e9s = 30,48cm<\/td>\n<td>1 Milha\/h = 1,6 Km\/h<\/td>\n<\/tr>\n<tr>\n<td>1 Libra = 0,45 Kg<\/td>\n<td>1 Libras = 0,45 Kg<\/td>\n<td>1 Km\/h = 0,62 Milhas\/h<\/td>\n<\/tr>\n<tr>\n<td>1 Kg = 2,20 Libras<\/td>\n<td>1 Kg = 2,20 Libras<\/td>\n<td><\/td>\n<\/tr>\n<\/tbody>\n<\/table>\n<\/div>\n<\/div>\n<\/div>\n<hr \/>\n<h4 class=\"text-justify margin-top-2x margin-bottom-2x\"><strong>Temperatura<\/strong><\/h4>\n<div class=\"row\">\n<div class=\"col-sm-12\">\n<p class=\"text-justify\"><strong>Celsius | Fahrenheit<\/strong><\/p>\n<div class=\"table-responsive text-center\">\n<table class=\"table table-hover table-striped\">\n<tbody>\n<tr>\n<td><strong>C\u00ba<\/strong><\/td>\n<td>-15<\/td>\n<td>-10<\/td>\n<td>-5<\/td>\n<td>0<\/td>\n<td>10<\/td>\n<td>12,8<\/td>\n<td>15,5<\/td>\n<td>20<\/td>\n<td>25<\/td>\n<td>30<\/td>\n<td>35<\/td>\n<td>40<\/td>\n<td>70<\/td>\n<td>100<\/td>\n<\/tr>\n<tr>\n<td><strong>F\u00ba<\/strong><\/td>\n<td>5<\/td>\n<td>14<\/td>\n<td>23<\/td>\n<td>32<\/td>\n<td>50<\/td>\n<td>55<\/td>\n<td>60<\/td>\n<td>68<\/td>\n<td>77<\/td>\n<td>86<\/td>\n<td>95<\/td>\n<td>104<\/td>\n<td>158<\/td>\n<td>212<\/td>\n<\/tr>\n<\/tbody>\n<\/table>\n<\/div>\n<\/div>\n<\/div>\n<hr \/>\n<h4 class=\"text-justify margin-top-2x margin-bottom-2x\"><strong>Vestu\u00e1rio<\/strong><\/h4>\n<div class=\"row\">\n<div class=\"col-sm-12\">\n<p class=\"text-justify\"><strong>Camisas &#8211; N\u00famero de colarinho<\/strong><\/p>\n<div class=\"table-responsive text-center\">\n<table class=\"table table-hover table-striped\">\n<thead class=\"background-color-gray-90\">\n<tr>\n<th class=\"text-center\" scope=\"col\">Brasil<\/th>\n<th class=\"text-center\" scope=\"col\">Europa Continental<\/th>\n<th class=\"text-center\" scope=\"col\">Inglaterra\/EUA<\/th>\n<\/tr>\n<\/thead>\n<tbody>\n<tr>\n<td>35<\/td>\n<td>35<\/td>\n<td>14<\/td>\n<\/tr>\n<tr>\n<td>37<\/td>\n<td>37<\/td>\n<td>14,5<\/td>\n<\/tr>\n<tr>\n<td>38<\/td>\n<td>38<\/td>\n<td>15<\/td>\n<\/tr>\n<tr>\n<td>39<\/td>\n<td>39<\/td>\n<td>15,5<\/td>\n<\/tr>\n<tr>\n<td>41<\/td>\n<td>41<\/td>\n<td>16<\/td>\n<\/tr>\n<tr>\n<td>42<\/td>\n<td>42<\/td>\n<td>16,5<\/td>\n<\/tr>\n<tr>\n<td>43<\/td>\n<td>43<\/td>\n<td>17<\/td>\n<\/tr>\n<tr>\n<td>44<\/td>\n<td>44<\/td>\n<td><\/td>\n<\/tr>\n<\/tbody>\n<\/table>\n<\/div>\n<\/div>\n<\/div>\n<div class=\"row\">\n<div class=\"col-sm-12\">\n<p class=\"text-justify\"><strong>Ternos<\/strong><\/p>\n<div class=\"table-responsive text-center\">\n<table class=\"table table-hover table-striped\">\n<thead class=\"background-color-gray-90\">\n<tr>\n<th class=\"text-center\" scope=\"col\">Brasil<\/th>\n<th class=\"text-center\" scope=\"col\">Europa Continental<\/th>\n<th class=\"text-center\" scope=\"col\">Inglaterra\/EUA<\/th>\n<\/tr>\n<\/thead>\n<tbody>\n<tr>\n<td>&#8211;<\/td>\n<td>35<\/td>\n<td>36<\/td>\n<\/tr>\n<tr>\n<td>46<\/td>\n<td>36<\/td>\n<td>38<\/td>\n<\/tr>\n<tr>\n<td>&#8211;<\/td>\n<td>37<\/td>\n<td>40<\/td>\n<\/tr>\n<tr>\n<td>48<\/td>\n<td>38<\/td>\n<td>42<\/td>\n<\/tr>\n<tr>\n<td>&#8211;<\/td>\n<td>39<\/td>\n<td>44<\/td>\n<\/tr>\n<tr>\n<td>50<\/td>\n<td>40<\/td>\n<td>46<\/td>\n<\/tr>\n<tr>\n<td>52<\/td>\n<td>42<\/td>\n<td>48<\/td>\n<\/tr>\n<tr>\n<td>54<\/td>\n<td>44<\/td>\n<td>&#8211;<\/td>\n<\/tr>\n<\/tbody>\n<\/table>\n<\/div>\n<\/div>\n<\/div>\n<div class=\"row\">\n<div class=\"col-sm-12\">\n<p class=\"text-justify\"><strong>Vestu\u00e1rio<\/strong><\/p>\n<div class=\"table-responsive text-center\">\n<table class=\"table table-hover table-striped\">\n<thead class=\"background-color-gray-90\">\n<tr>\n<th class=\"text-center\" scope=\"col\">Brasil<\/th>\n<th class=\"text-center\" scope=\"col\">Inglaterra<\/th>\n<th class=\"text-center\" scope=\"col\">EUA<\/th>\n<th class=\"text-center\" scope=\"col\">It\u00e1lia<\/th>\n<th class=\"text-center\" scope=\"col\">Fran\u00e7a<\/th>\n<\/tr>\n<\/thead>\n<tbody>\n<tr>\n<td>38<\/td>\n<td>10<\/td>\n<td>8<\/td>\n<td>40<\/td>\n<td>38<\/td>\n<\/tr>\n<tr>\n<td>40<\/td>\n<td>12<\/td>\n<td>10<\/td>\n<td>42<\/td>\n<td>40<\/td>\n<\/tr>\n<tr>\n<td>42<\/td>\n<td>14<\/td>\n<td>12<\/td>\n<td>44<\/td>\n<td>42<\/td>\n<\/tr>\n<tr>\n<td>44<\/td>\n<td>16<\/td>\n<td>14<\/td>\n<td>46<\/td>\n<td>44<\/td>\n<\/tr>\n<tr>\n<td>46<\/td>\n<td>18<\/td>\n<td>16<\/td>\n<td>48<\/td>\n<td>46<\/td>\n<\/tr>\n<tr>\n<td>48<\/td>\n<td>20<\/td>\n<td>18<\/td>\n<td>50<\/td>\n<td>48<\/td>\n<\/tr>\n<\/tbody>\n<\/table>\n<\/div>\n<\/div>\n<\/div>\n","protected":false},"excerpt":{"rendered":"<p>Cal\u00e7ados Cal\u00e7ados Masculinos Brasil Inglaterra EUA Fran\u00e7a 36 5 5 38 37 6 6 39 38 7 7 40 39 7,5 7,5 41 40 8 8 42 41 9 9 43 42 10 10 44 Cal\u00e7ados Femininos Brasil Inglaterra EUA Fran\u00e7a 36 3,5 4,5 36 &#8211; [&hellip;]<\/p>\n","protected":false},"author":1,"featured_media":0,"parent":0,"menu_order":0,"comment_status":"closed","ping_status":"closed","template":"","meta":{"footnotes":""},"class_list":["post-3606","page","type-page","status-publish","hentry"],"jetpack_sharing_enabled":true,"jetpack-related-posts":[{"id":3833,"url":"https:\/\/oceanturismo.com.br\/?page_id=3833","url_meta":{"origin":3606,"position":0},"title":"Termos de Uso e Condi\u00e7\u00f5es","author":"galdino.ws","date":"24 de junho de 2021","format":false,"excerpt":"Os termos abaixo se referem aos servi\u00e7os prestados pelo site da nossa empresa. 1. Por este Termo de Uso, o USU\u00c1RIO fica ciente e concorda que, ao utilizar os servi\u00e7os oferecidos pelo portal da CONTRATADA, aceita automaticamente e integralmente todas as condi\u00e7\u00f5es que constam neste Termo, bem como qualquer de\u2026","rel":"","context":"Post similar","block_context":{"text":"Post similar","link":""},"img":{"alt_text":"","src":"","width":0,"height":0},"classes":[]},{"id":3611,"url":"https:\/\/oceanturismo.com.br\/?page_id=3611","url_meta":{"origin":3606,"position":1},"title":"Atendimento nos aeroportos","author":"galdino.ws","date":"20 de maio de 2021","format":false,"excerpt":"Com presen\u00e7a inovadora, a Service Plus possui um sistema de tecnologia altamente avan\u00e7ado, que permite ao agente de viagens acompanhar todo o atendimento ao seu passageiro, desde a solicita\u00e7\u00e3o at\u00e9 o embarque, totalmente on-line pelo Flytour.com.br S\u00e3o 18 aeroportos em todo o Brasil (Guarulhos, Congonhas, Campinas, Cuiab\u00e1, Porto Alegre, Curitiba,\u2026","rel":"","context":"Post similar","block_context":{"text":"Post similar","link":""},"img":{"alt_text":"","src":"","width":0,"height":0},"classes":[]},{"id":3691,"url":"https:\/\/oceanturismo.com.br\/?page_id=3691","url_meta":{"origin":3606,"position":2},"title":"Destinos Tur\u00edsticos","author":"galdino.ws","date":"8 de outubro de 2014","format":false,"excerpt":"Destino Data Or\u00e7amento Max. MELHORES DESTINOSConfira nossos nossos destaques promocionais Turkey Grand Turkey 8 Dias $2000 Spain Grand Spain Madrid 9 Dias $3000 Austria, Switzerland Swiss Alps Trip 13 Dias $4000 Italy Grand Italy 8 Dias $3000","rel":"","context":"Post similar","block_context":{"text":"Post similar","link":""},"img":{"alt_text":"","src":"https:\/\/i0.wp.com\/oceanturismo.com.br\/wp-content\/uploads\/2014\/10\/1600x1200-12-1.jpg?fit=1200%2C900&ssl=1&resize=350%2C200","width":350,"height":200,"srcset":"https:\/\/i0.wp.com\/oceanturismo.com.br\/wp-content\/uploads\/2014\/10\/1600x1200-12-1.jpg?fit=1200%2C900&ssl=1&resize=350%2C200 1x, https:\/\/i0.wp.com\/oceanturismo.com.br\/wp-content\/uploads\/2014\/10\/1600x1200-12-1.jpg?fit=1200%2C900&ssl=1&resize=525%2C300 1.5x, https:\/\/i0.wp.com\/oceanturismo.com.br\/wp-content\/uploads\/2014\/10\/1600x1200-12-1.jpg?fit=1200%2C900&ssl=1&resize=700%2C400 2x, https:\/\/i0.wp.com\/oceanturismo.com.br\/wp-content\/uploads\/2014\/10\/1600x1200-12-1.jpg?fit=1200%2C900&ssl=1&resize=1050%2C600 3x"},"classes":[]},{"id":3615,"url":"https:\/\/oceanturismo.com.br\/?page_id=3615","url_meta":{"origin":3606,"position":3},"title":"Direitos do viajante","author":"galdino.ws","date":"20 de maio de 2021","format":false,"excerpt":"Conhe\u00e7a os direitos que, como viajante, nas mais diversas situa\u00e7\u00f5es, voc\u00ea possui em qualquer lugar do mundo. Atraso ou Interrup\u00e7\u00e3o de Voo Atrasos de quatro horas ou mais nos voos permitem o endosso do valor do bilhete e de todas as despesas decorrentes do atraso ou da interrup\u00e7\u00e3o de voos\u2026","rel":"","context":"Post similar","block_context":{"text":"Post similar","link":""},"img":{"alt_text":"","src":"","width":0,"height":0},"classes":[]},{"id":3613,"url":"https:\/\/oceanturismo.com.br\/?page_id=3613","url_meta":{"origin":3606,"position":4},"title":"Comunica\u00e7\u00e3o em 5 Idiomas","author":"galdino.ws","date":"20 de maio de 2021","format":false,"excerpt":"Frases Ingl\u00eas Franc\u00eas Italiano Alem\u00e3o Espanhol Ol\u00e1 Hello Bonjour Salve Hallo Hola Meu nome \u00e9 My name is Je m\u00b4appelle Mi chiamo Mein name ist Me llamo Como voc\u00ea vai? How are you? Comment \u00e7a va? Come stai? Wie geht es dir? Como est\u00e1s? Por favor Please S\u00b4il vous pla\u00eet\u2026","rel":"","context":"Post similar","block_context":{"text":"Post similar","link":""},"img":{"alt_text":"","src":"","width":0,"height":0},"classes":[]},{"id":3604,"url":"https:\/\/oceanturismo.com.br\/?page_id=3604","url_meta":{"origin":3606,"position":5},"title":"Documenta\u00e7\u00e3o e vistos","author":"galdino.ws","date":"20 de maio de 2021","format":false,"excerpt":"Alertas importantes Leve consigo os endere\u00e7os e telefones das Embaixadas e Consulados brasileiros no seu pa\u00eds de destino. Em caso de dificuldade n\u00e3o hesite em contat\u00e1-las; Caso seja detido por alguma autoridade estrangeira, voc\u00ea tem o direito de pedir para telefonar para sua Embaixada ou Consulado. Fa\u00e7a uso desse direito;\u2026","rel":"","context":"Post similar","block_context":{"text":"Post similar","link":""},"img":{"alt_text":"","src":"","width":0,"height":0},"classes":[]}],"_links":{"self":[{"href":"https:\/\/oceanturismo.com.br\/index.php?rest_route=\/wp\/v2\/pages\/3606","targetHints":{"allow":["GET"]}}],"collection":[{"href":"https:\/\/oceanturismo.com.br\/index.php?rest_route=\/wp\/v2\/pages"}],"about":[{"href":"https:\/\/oceanturismo.com.br\/index.php?rest_route=\/wp\/v2\/types\/page"}],"author":[{"embeddable":true,"href":"https:\/\/oceanturismo.com.br\/index.php?rest_route=\/wp\/v2\/users\/1"}],"replies":[{"embeddable":true,"href":"https:\/\/oceanturismo.com.br\/index.php?rest_route=%2Fwp%2Fv2%2Fcomments&post=3606"}],"version-history":[{"count":0,"href":"https:\/\/oceanturismo.com.br\/index.php?rest_route=\/wp\/v2\/pages\/3606\/revisions"}],"wp:attachment":[{"href":"https:\/\/oceanturismo.com.br\/index.php?rest_route=%2Fwp%2Fv2%2Fmedia&parent=3606"}],"curies":[{"name":"wp","href":"https:\/\/api.w.org\/{rel}","templated":true}]}}