{"id":3609,"date":"2021-05-20T13:11:42","date_gmt":"2021-05-20T16:11:42","guid":{"rendered":"https:\/\/oceanturismo.com.br\/?page_id=3609"},"modified":"2021-05-20T13:11:42","modified_gmt":"2021-05-20T16:11:42","slug":"alfandega","status":"publish","type":"page","link":"https:\/\/oceanturismo.com.br\/?page_id=3609","title":{"rendered":"Alf\u00e2ndega"},"content":{"rendered":"<p class=\"text-justify\">Quais s\u00e3o os cuidados e cotas necess\u00e1rias para n\u00e3o ter problemas na alf\u00e2ndega?<\/p>\n<hr \/>\n<h4 class=\"text-justify\"><strong>Embarque:<\/strong><\/h4>\n<p class=\"text-justify\">N\u00e3o h\u00e1 cota para embarque no Brasil, mas as compras realizadas aqui est\u00e3o inclusas dentro da cota do exterior, de US$ 500,00, e que n\u00e3o considera roupas e objetos de uso pessoal. Por isso, \u00e9 o melhor momento para comprar o que vai ser usado na viagem, desde m\u00e1quinas fotogr\u00e1ficas a filmadoras. Mas \u00e9 importante observar os limites de ingresso de produtos no estrangeiro, de acordo com as especifica\u00e7\u00f5es de cada pa\u00eds.<\/p>\n<hr \/>\n<h4 class=\"text-justify\"><strong>Desembarque:<\/strong><\/h4>\n<p class=\"text-justify\">As cotas existentes s\u00e3o para as lojas de desembarque, permitido a US$ 500,00 por passageiro, e deve ser utilizada uma \u00fanica nota de venda.<\/p>\n<p class=\"text-justify\">Al\u00e9m do valor determinado, existem limites para a quantidade de produtos id\u00eanticos por passageiro:<\/p>\n<ul class=\"list-circle\">\n<li style=\"list-style-type: none;\">\n<ul class=\"list-circle\">\n<li>24 unidades de bebidas alco\u00f3licas, com quantidade m\u00e1xima de 12 unidades por tipo de bebida*;<\/li>\n<li>20 ma\u00e7os de cigarros de fabrica\u00e7\u00e3o estrangeira (total de 400 unidades)<sup>*<\/sup>;<\/li>\n<li>25 unidades de charutos ou cigarrilhas<sup>*<\/sup>;<\/li>\n<li>250 gramas de fumo preparado para cachimbo*;<\/li>\n<li>10 unidades de artigos de toucador (perfumes e cosm\u00e9ticos);<\/li>\n<li>3 unidades de rel\u00f3gios, brinquedos, jogos ou instrumentos el\u00e9tricos ou eletr\u00f4nicos.<\/li>\n<\/ul>\n<\/li>\n<\/ul>\n<p><small>* Menores de 18 anos, mesmo acompanhados, n\u00e3o podem comprar bebidas alco\u00f3licas ou artigos de tabacaria.<\/small><\/p>\n<hr \/>\n<h4 class=\"text-justify\"><strong>Normas da Receita Federal<\/strong><\/h4>\n<p class=\"text-justify\">O viajante procedente do exterior, que ingressar no Pa\u00eds por via a\u00e9rea, estar\u00e1 isento dos impostos relativos a:<\/p>\n<ul class=\"list-circle\">\n<li>Roupas e objetos de uso pessoal em quantidades compat\u00edveis com dura\u00e7\u00e3o e finalidade de sua viagem;<\/li>\n<li>Livros e peri\u00f3dicos;<\/li>\n<li>Quaisquer objetos, at\u00e9 o limite total de US$ 500,00;<\/li>\n<li>Outras lembran\u00e7as: esse limite \u00e9 individual e intransfer\u00edvel, e o valor da aquisi\u00e7\u00e3o dos artigos de vestu\u00e1rio e acess\u00f3rios inclui-se no limite de isen\u00e7\u00e3o.<\/li>\n<\/ul>\n<hr \/>\n<h4 class=\"text-justify\"><strong>Bens a declarar<\/strong><\/h4>\n<p class=\"text-justify\">Todo viajante vindo do exterior deve apresentar \u00e0 Receita Federal a Declara\u00e7\u00e3o de Bagagem Acompanhada (DBA). Quando a cota do exterior (US$ 500,00) for ultrapassada, o tributo sobre o valor excedente ser\u00e1 calculado incidindo a al\u00edquota \u00fanica de 50%.<\/p>\n","protected":false},"excerpt":{"rendered":"<p>Quais s\u00e3o os cuidados e cotas necess\u00e1rias para n\u00e3o ter problemas na alf\u00e2ndega? Embarque: N\u00e3o h\u00e1 cota para embarque no Brasil, mas as compras realizadas aqui est\u00e3o inclusas dentro da cota do exterior, de US$ 500,00, e que n\u00e3o considera roupas e objetos de uso pessoal. [&hellip;]<\/p>\n","protected":false},"author":1,"featured_media":0,"parent":0,"menu_order":0,"comment_status":"closed","ping_status":"closed","template":"","meta":{"footnotes":""},"class_list":["post-3609","page","type-page","status-publish","hentry"],"jetpack_sharing_enabled":true,"jetpack-related-posts":[{"id":3611,"url":"https:\/\/oceanturismo.com.br\/?page_id=3611","url_meta":{"origin":3609,"position":0},"title":"Atendimento nos aeroportos","author":"galdino.ws","date":"20 de maio de 2021","format":false,"excerpt":"Com presen\u00e7a inovadora, a Service Plus possui um sistema de tecnologia altamente avan\u00e7ado, que permite ao agente de viagens acompanhar todo o atendimento ao seu passageiro, desde a solicita\u00e7\u00e3o at\u00e9 o embarque, totalmente on-line pelo Flytour.com.br S\u00e3o 18 aeroportos em todo o Brasil (Guarulhos, Congonhas, Campinas, Cuiab\u00e1, Porto Alegre, Curitiba,\u2026","rel":"","context":"Post similar","block_context":{"text":"Post similar","link":""},"img":{"alt_text":"","src":"","width":0,"height":0},"classes":[]},{"id":3615,"url":"https:\/\/oceanturismo.com.br\/?page_id=3615","url_meta":{"origin":3609,"position":1},"title":"Direitos do viajante","author":"galdino.ws","date":"20 de maio de 2021","format":false,"excerpt":"Conhe\u00e7a os direitos que, como viajante, nas mais diversas situa\u00e7\u00f5es, voc\u00ea possui em qualquer lugar do mundo. Atraso ou Interrup\u00e7\u00e3o de Voo Atrasos de quatro horas ou mais nos voos permitem o endosso do valor do bilhete e de todas as despesas decorrentes do atraso ou da interrup\u00e7\u00e3o de voos\u2026","rel":"","context":"Post similar","block_context":{"text":"Post similar","link":""},"img":{"alt_text":"","src":"","width":0,"height":0},"classes":[]},{"id":3602,"url":"https:\/\/oceanturismo.com.br\/?page_id=3602","url_meta":{"origin":3609,"position":2},"title":"Dicas para sua viagem","author":"galdino.ws","date":"20 de maio de 2021","format":false,"excerpt":"Viajando com crian\u00e7as Os cuidados em rela\u00e7\u00e3o a crian\u00e7as e adolescentes come\u00e7am na retirada do passaporte, se a viagem for internacional. Todos com menos de 18 anos de idade precisam da autoriza\u00e7\u00e3o expressa dos pais ou dos representantes legais, com firma reconhecida em cart\u00f3rio, n\u00fameros das c\u00e9dulas de identidade e\u2026","rel":"","context":"Post similar","block_context":{"text":"Post similar","link":""},"img":{"alt_text":"","src":"","width":0,"height":0},"classes":[]},{"id":3604,"url":"https:\/\/oceanturismo.com.br\/?page_id=3604","url_meta":{"origin":3609,"position":3},"title":"Documenta\u00e7\u00e3o e vistos","author":"galdino.ws","date":"20 de maio de 2021","format":false,"excerpt":"Alertas importantes Leve consigo os endere\u00e7os e telefones das Embaixadas e Consulados brasileiros no seu pa\u00eds de destino. Em caso de dificuldade n\u00e3o hesite em contat\u00e1-las; Caso seja detido por alguma autoridade estrangeira, voc\u00ea tem o direito de pedir para telefonar para sua Embaixada ou Consulado. Fa\u00e7a uso desse direito;\u2026","rel":"","context":"Post similar","block_context":{"text":"Post similar","link":""},"img":{"alt_text":"","src":"","width":0,"height":0},"classes":[]},{"id":3622,"url":"https:\/\/oceanturismo.com.br\/?page_id=3622","url_meta":{"origin":3609,"position":4},"title":"Sa\u00fade &#8211; Dicas e vacinas","author":"galdino.ws","date":"20 de maio de 2021","format":false,"excerpt":"A \u00c1rea de Orienta\u00e7\u00e3o e Controle Sanit\u00e1rio de Viajantes tem como uma de suas responsabilidades estabelecer medidas para diminuir os riscos de um viajante vir a adquirir qualquer doen\u00e7a ou agravo de import\u00e2ncia em sa\u00fade p\u00fablica durante a viagem. Por sua vez, as empresas de transportes de passageiros devem cumprir\u2026","rel":"","context":"Post similar","block_context":{"text":"Post similar","link":""},"img":{"alt_text":"","src":"","width":0,"height":0},"classes":[]},{"id":3624,"url":"https:\/\/oceanturismo.com.br\/?page_id=3624","url_meta":{"origin":3609,"position":5},"title":"Transporte de animais","author":"galdino.ws","date":"20 de maio de 2021","format":false,"excerpt":"Para transportar animais em viagens \u00e9 necess\u00e1rio seguir normas muito importantes. A primeira delas \u00e9 adquirir o Guia de Transporte Animal (GTA) para viagens em territ\u00f3rio nacional, e o Zoonit\u00e1rio Internacional (ZT) em caso de viagens para o exterior. Para obten\u00e7\u00e3o de ambos deve-se entrar em contato com o Minist\u00e9rio\u2026","rel":"","context":"Post similar","block_context":{"text":"Post similar","link":""},"img":{"alt_text":"","src":"","width":0,"height":0},"classes":[]}],"_links":{"self":[{"href":"https:\/\/oceanturismo.com.br\/index.php?rest_route=\/wp\/v2\/pages\/3609","targetHints":{"allow":["GET"]}}],"collection":[{"href":"https:\/\/oceanturismo.com.br\/index.php?rest_route=\/wp\/v2\/pages"}],"about":[{"href":"https:\/\/oceanturismo.com.br\/index.php?rest_route=\/wp\/v2\/types\/page"}],"author":[{"embeddable":true,"href":"https:\/\/oceanturismo.com.br\/index.php?rest_route=\/wp\/v2\/users\/1"}],"replies":[{"embeddable":true,"href":"https:\/\/oceanturismo.com.br\/index.php?rest_route=%2Fwp%2Fv2%2Fcomments&post=3609"}],"version-history":[{"count":0,"href":"https:\/\/oceanturismo.com.br\/index.php?rest_route=\/wp\/v2\/pages\/3609\/revisions"}],"wp:attachment":[{"href":"https:\/\/oceanturismo.com.br\/index.php?rest_route=%2Fwp%2Fv2%2Fmedia&parent=3609"}],"curies":[{"name":"wp","href":"https:\/\/api.w.org\/{rel}","templated":true}]}}