{"id":3613,"date":"2021-05-20T13:12:49","date_gmt":"2021-05-20T16:12:49","guid":{"rendered":"https:\/\/oceanturismo.com.br\/?page_id=3613"},"modified":"2021-05-20T13:12:49","modified_gmt":"2021-05-20T16:12:49","slug":"comunicacao-em-5-idiomas","status":"publish","type":"page","link":"https:\/\/oceanturismo.com.br\/?page_id=3613","title":{"rendered":"Comunica\u00e7\u00e3o em 5 Idiomas"},"content":{"rendered":"<table class=\"table table-hover table-striped\">\n<thead class=\"background-color-gray-90\">\n<tr>\n<th class=\"text-center\" scope=\"col\">Frases<\/th>\n<th class=\"text-center\" scope=\"col\">Ingl\u00eas<\/th>\n<th class=\"text-center\" scope=\"col\">Franc\u00eas<\/th>\n<th class=\"text-center\" scope=\"col\">Italiano<\/th>\n<th class=\"text-center\" scope=\"col\">Alem\u00e3o<\/th>\n<th class=\"text-center\" scope=\"col\">Espanhol<\/th>\n<\/tr>\n<\/thead>\n<tbody>\n<tr>\n<td><strong>Ol\u00e1<\/strong><\/td>\n<td>Hello<\/td>\n<td>Bonjour<\/td>\n<td>Salve<\/td>\n<td>Hallo<\/td>\n<td>Hola<\/td>\n<\/tr>\n<tr>\n<td><strong>Meu nome \u00e9<\/strong><\/td>\n<td>My name is<\/td>\n<td>Je m\u00b4appelle<\/td>\n<td>Mi chiamo<\/td>\n<td>Mein name ist<\/td>\n<td>Me llamo<\/td>\n<\/tr>\n<tr>\n<td><strong>Como voc\u00ea vai?<\/strong><\/td>\n<td>How are you?<\/td>\n<td>Comment \u00e7a va?<\/td>\n<td>Come stai?<\/td>\n<td>Wie geht es dir?<\/td>\n<td>Como est\u00e1s?<\/td>\n<\/tr>\n<tr>\n<td><strong>Por favor<\/strong><\/td>\n<td>Please<\/td>\n<td>S\u00b4il vous pla\u00eet<\/td>\n<td>Per favore<\/td>\n<td>Bitte<\/td>\n<td>Por favor<\/td>\n<\/tr>\n<tr>\n<td><strong>Obrigado<\/strong><\/td>\n<td>Thank you<\/td>\n<td>Merci<\/td>\n<td>Grazie<\/td>\n<td>Danke<\/td>\n<td>Gracias<\/td>\n<\/tr>\n<tr>\n<td><strong>De nada<\/strong><\/td>\n<td>You are welcome<\/td>\n<td>Je vous en prie<\/td>\n<td>Prego<\/td>\n<td>Nichts zu danken<\/td>\n<td>De nada<\/td>\n<\/tr>\n<tr>\n<td><strong>Sim<\/strong><\/td>\n<td>Yes<\/td>\n<td>Oui<\/td>\n<td>Si<\/td>\n<td>J\u00e1<\/td>\n<td>Si<\/td>\n<\/tr>\n<tr>\n<td><strong>N\u00e3o<\/strong><\/td>\n<td>No<\/td>\n<td>Non<\/td>\n<td>No<\/td>\n<td>Nein<\/td>\n<td>No<\/td>\n<\/tr>\n<tr>\n<td><strong>Com licen\u00e7a<\/strong><\/td>\n<td>Excuse me<\/td>\n<td>Pardon<\/td>\n<td>Scusi<\/td>\n<td>Entschuldigung<\/td>\n<td>Perd\u00f3n<\/td>\n<\/tr>\n<tr>\n<td><strong>Desculpe-me<\/strong><\/td>\n<td>I&#8221;m sorry<\/td>\n<td>Excuse-moi<\/td>\n<td>Scusami<\/td>\n<td>Es tut mir leid<\/td>\n<td>Perd\u00f3n<\/td>\n<\/tr>\n<tr>\n<td><strong>Bom dia<\/strong><\/td>\n<td>Good morning<\/td>\n<td>Bonjour<\/td>\n<td>Buon giorno<\/td>\n<td>Guten Morgen<\/td>\n<td>Buenos dias<\/td>\n<\/tr>\n<tr>\n<td><strong>Boa tarde<\/strong><\/td>\n<td>Good afternoon<\/td>\n<td>Bonjour<\/td>\n<td>Buon pomeriggio<\/td>\n<td>Guten Tag<\/td>\n<td>Buenas tardes<\/td>\n<\/tr>\n<tr>\n<td><strong>Boa noite<\/strong><\/td>\n<td>Good night<\/td>\n<td>Bonsoir<\/td>\n<td>Buona notte<\/td>\n<td>Guten Nacht<\/td>\n<td>Buenas noches<\/td>\n<\/tr>\n<tr>\n<td><strong>Adeus<\/strong><\/td>\n<td>Good bye<\/td>\n<td>Au revoir<\/td>\n<td>Arrivederci<\/td>\n<td>Auf wiedersehen<\/td>\n<td>Adios<\/td>\n<\/tr>\n<tr>\n<td><strong>Por favor, fale devagar<\/strong><\/td>\n<td>Please, speak slowly<\/td>\n<td>Parlez lentement, s\u00b4il vous pla\u00eet<\/td>\n<td>Per favore parli lentamente<\/td>\n<td>Bitte sprechen langsam<\/td>\n<td>Hable m\u00e1s despacio, por favor<\/td>\n<\/tr>\n<tr>\n<td><strong>Eu n\u00e3o entendi<\/strong><\/td>\n<td>I didn&#8221;t understand<\/td>\n<td>Je n&#8221;ai pas compris<\/td>\n<td>Non ho capito<\/td>\n<td>Ich habe nicht verstanden<\/td>\n<td>No entiendo<\/td>\n<\/tr>\n<tr>\n<td><strong>Estou perdido<\/strong><\/td>\n<td>I&#8221;ve lost my way<\/td>\n<td>Je suis perdu<\/td>\n<td>Mi sono perso<\/td>\n<td>Ich habe mich verlaufen<\/td>\n<td>Estoy perdido<\/td>\n<\/tr>\n<tr>\n<td><strong>Voc\u00ea pode me indicar como se vai para<\/strong><\/td>\n<td>Can you direct me to<\/td>\n<td>Pouvez-vouz m\u00edndiquer le chemin pour<\/td>\n<td>Pu\u00f3 indicarmi come arrivare a<\/td>\n<td>Konnen Sie mir den Weg nach\/zum zeigen?<\/td>\n<td>Puede decirme por donde se va a<\/td>\n<\/tr>\n<tr>\n<td><strong>Socorro!<\/strong><\/td>\n<td>Help!<\/td>\n<td>Au secours!<\/td>\n<td>Aiuto!<\/td>\n<td>Hilfe!<\/td>\n<td>Socorro!<\/td>\n<\/tr>\n<\/tbody>\n<\/table>\n","protected":false},"excerpt":{"rendered":"<p>Frases Ingl\u00eas Franc\u00eas Italiano Alem\u00e3o Espanhol Ol\u00e1 Hello Bonjour Salve Hallo Hola Meu nome \u00e9 My name is Je m\u00b4appelle Mi chiamo Mein name ist Me llamo Como voc\u00ea vai? How are you? Comment \u00e7a va? Come stai? Wie geht es dir? Como est\u00e1s? Por favor [&hellip;]<\/p>\n","protected":false},"author":1,"featured_media":0,"parent":0,"menu_order":0,"comment_status":"closed","ping_status":"closed","template":"","meta":{"footnotes":""},"class_list":["post-3613","page","type-page","status-publish","hentry"],"jetpack_sharing_enabled":true,"jetpack-related-posts":[],"_links":{"self":[{"href":"https:\/\/oceanturismo.com.br\/index.php?rest_route=\/wp\/v2\/pages\/3613","targetHints":{"allow":["GET"]}}],"collection":[{"href":"https:\/\/oceanturismo.com.br\/index.php?rest_route=\/wp\/v2\/pages"}],"about":[{"href":"https:\/\/oceanturismo.com.br\/index.php?rest_route=\/wp\/v2\/types\/page"}],"author":[{"embeddable":true,"href":"https:\/\/oceanturismo.com.br\/index.php?rest_route=\/wp\/v2\/users\/1"}],"replies":[{"embeddable":true,"href":"https:\/\/oceanturismo.com.br\/index.php?rest_route=%2Fwp%2Fv2%2Fcomments&post=3613"}],"version-history":[{"count":0,"href":"https:\/\/oceanturismo.com.br\/index.php?rest_route=\/wp\/v2\/pages\/3613\/revisions"}],"wp:attachment":[{"href":"https:\/\/oceanturismo.com.br\/index.php?rest_route=%2Fwp%2Fv2%2Fmedia&parent=3613"}],"curies":[{"name":"wp","href":"https:\/\/api.w.org\/{rel}","templated":true}]}}