{"id":3692,"date":"2014-10-14T09:29:24","date_gmt":"2014-10-14T12:29:24","guid":{"rendered":"http:\/\/themes.themegoods.com\/altair\/demo\/?page_id=2914"},"modified":"2021-06-24T18:55:10","modified_gmt":"2021-06-24T21:55:10","slug":"solicite-um-contato","status":"publish","type":"page","link":"https:\/\/oceanturismo.com.br\/?page_id=3692","title":{"rendered":"Solicite um contato"},"content":{"rendered":"<h4>Entre em contato conosco<\/h4>\n<p>Caso voc\u00ea tenha alguma d\u00favida ou sugest\u00e3o, entre em contato com a equipe Ocean Turismo pelo formul\u00e1rio abaixo ou atrav\u00e9s do CHAT selecionando um dos nossos profissionais. Estamos a sua disposi\u00e7\u00e3o!<\/p>\n<div class=\"wpforms-container wpforms-container-full\" id=\"wpforms-3812\"><form id=\"wpforms-form-3812\" class=\"wpforms-validate wpforms-form\" data-formid=\"3812\" method=\"post\" enctype=\"multipart\/form-data\" action=\"\/index.php?rest_route=%2Fwp%2Fv2%2Fpages%2F3692\" data-token=\"17d96e171afb5f9c39acd28f7a67d839\"><noscript class=\"wpforms-error-noscript\">Ative o JavaScript no seu navegador para preencher este formul\u00e1rio.<\/noscript><div class=\"wpforms-field-container\"><div id=\"wpforms-3812-field_0-container\" class=\"wpforms-field wpforms-field-name\" data-field-id=\"0\"><label class=\"wpforms-field-label\" for=\"wpforms-3812-field_0\">Nome <span class=\"wpforms-required-label\">*<\/span><\/label><input type=\"text\" id=\"wpforms-3812-field_0\" class=\"wpforms-field-large wpforms-field-required\" name=\"wpforms[fields][0]\" required><\/div><div id=\"wpforms-3812-field_6-container\" class=\"wpforms-field wpforms-field-name\" data-field-id=\"6\"><label class=\"wpforms-field-label\" for=\"wpforms-3812-field_6\">Telefone ex: (44) 99999-9999 <span class=\"wpforms-required-label\">*<\/span><\/label><input type=\"text\" id=\"wpforms-3812-field_6\" class=\"wpforms-field-large wpforms-field-required\" name=\"wpforms[fields][6]\" required><\/div><div id=\"wpforms-3812-field_3-container\" class=\"wpforms-field wpforms-field-email\" data-field-id=\"3\"><label class=\"wpforms-field-label\" for=\"wpforms-3812-field_3\">E-mail <span class=\"wpforms-required-label\">*<\/span><\/label><input type=\"email\" id=\"wpforms-3812-field_3\" class=\"wpforms-field-large wpforms-field-required\" name=\"wpforms[fields][3]\" spellcheck=\"false\" required><\/div><div id=\"wpforms-3812-field_4-container\" class=\"wpforms-field wpforms-field-checkbox wpforms-list-2-columns\" data-field-id=\"4\"><label class=\"wpforms-field-label\" for=\"wpforms-3812-field_4\">Est\u00e1 indo viajar a ? <span class=\"wpforms-required-label\">*<\/span><\/label><ul id=\"wpforms-3812-field_4\" class=\"wpforms-field-required\"><li class=\"choice-1 depth-1\"><input type=\"checkbox\" id=\"wpforms-3812-field_4_1\" name=\"wpforms[fields][4][]\" value=\"Lazer\" required ><label class=\"wpforms-field-label-inline\" for=\"wpforms-3812-field_4_1\">Lazer<\/label><\/li><li class=\"choice-2 depth-1\"><input type=\"checkbox\" id=\"wpforms-3812-field_4_2\" name=\"wpforms[fields][4][]\" value=\"Neg\u00f3cios\" required ><label class=\"wpforms-field-label-inline\" for=\"wpforms-3812-field_4_2\">Neg\u00f3cios<\/label><\/li><\/ul><\/div><div id=\"wpforms-3812-field_5-container\" class=\"wpforms-field wpforms-field-checkbox wpforms-list-2-columns\" data-field-id=\"5\"><label class=\"wpforms-field-label\" for=\"wpforms-3812-field_5\">O destinos \u00e9 ? <span class=\"wpforms-required-label\">*<\/span><\/label><ul id=\"wpforms-3812-field_5\" class=\"wpforms-field-required\"><li class=\"choice-1 depth-1\"><input type=\"checkbox\" id=\"wpforms-3812-field_5_1\" name=\"wpforms[fields][5][]\" value=\"Nacional\" required ><label class=\"wpforms-field-label-inline\" for=\"wpforms-3812-field_5_1\">Nacional<\/label><\/li><li class=\"choice-2 depth-1\"><input type=\"checkbox\" id=\"wpforms-3812-field_5_2\" name=\"wpforms[fields][5][]\" value=\"Internacional\" required ><label class=\"wpforms-field-label-inline\" for=\"wpforms-3812-field_5_2\">Internacional<\/label><\/li><\/ul><\/div><\/div><!-- .wpforms-field-container --><div class=\"wpforms-submit-container\" ><input type=\"hidden\" name=\"wpforms[id]\" value=\"3812\"><input type=\"hidden\" name=\"wpforms[author]\" value=\"1\"><button type=\"submit\" name=\"wpforms[submit]\" id=\"wpforms-submit-3812\" class=\"wpforms-submit\" data-alt-text=\"Enviando...\" data-submit-text=\"Enviar\" aria-live=\"assertive\" value=\"wpforms-submit\">Enviar<\/button><\/div><\/form><\/div>  <!-- .wpforms-container -->\n","protected":false},"excerpt":{"rendered":"<p>Entre em contato conosco Caso voc\u00ea tenha alguma d\u00favida ou sugest\u00e3o, entre em contato com a equipe Ocean Turismo pelo formul\u00e1rio abaixo ou atrav\u00e9s do CHAT selecionando um dos nossos profissionais. Estamos a sua disposi\u00e7\u00e3o!<\/p>\n","protected":false},"author":1,"featured_media":2749,"parent":0,"menu_order":0,"comment_status":"open","ping_status":"closed","template":"","meta":{"footnotes":""},"class_list":["post-3692","page","type-page","status-publish","has-post-thumbnail","hentry"],"jetpack_sharing_enabled":true,"jetpack-related-posts":[{"id":3624,"url":"https:\/\/oceanturismo.com.br\/?page_id=3624","url_meta":{"origin":3692,"position":0},"title":"Transporte de animais","author":"galdino.ws","date":"20 de maio de 2021","format":false,"excerpt":"Para transportar animais em viagens \u00e9 necess\u00e1rio seguir normas muito importantes. A primeira delas \u00e9 adquirir o Guia de Transporte Animal (GTA) para viagens em territ\u00f3rio nacional, e o Zoonit\u00e1rio Internacional (ZT) em caso de viagens para o exterior. Para obten\u00e7\u00e3o de ambos deve-se entrar em contato com o Minist\u00e9rio\u2026","rel":"","context":"Post similar","block_context":{"text":"Post similar","link":""},"img":{"alt_text":"","src":"","width":0,"height":0},"classes":[]},{"id":3604,"url":"https:\/\/oceanturismo.com.br\/?page_id=3604","url_meta":{"origin":3692,"position":1},"title":"Documenta\u00e7\u00e3o e vistos","author":"galdino.ws","date":"20 de maio de 2021","format":false,"excerpt":"Alertas importantes Leve consigo os endere\u00e7os e telefones das Embaixadas e Consulados brasileiros no seu pa\u00eds de destino. Em caso de dificuldade n\u00e3o hesite em contat\u00e1-las; Caso seja detido por alguma autoridade estrangeira, voc\u00ea tem o direito de pedir para telefonar para sua Embaixada ou Consulado. Fa\u00e7a uso desse direito;\u2026","rel":"","context":"Post similar","block_context":{"text":"Post similar","link":""},"img":{"alt_text":"","src":"","width":0,"height":0},"classes":[]},{"id":3602,"url":"https:\/\/oceanturismo.com.br\/?page_id=3602","url_meta":{"origin":3692,"position":2},"title":"Dicas para sua viagem","author":"galdino.ws","date":"20 de maio de 2021","format":false,"excerpt":"Viajando com crian\u00e7as Os cuidados em rela\u00e7\u00e3o a crian\u00e7as e adolescentes come\u00e7am na retirada do passaporte, se a viagem for internacional. Todos com menos de 18 anos de idade precisam da autoriza\u00e7\u00e3o expressa dos pais ou dos representantes legais, com firma reconhecida em cart\u00f3rio, n\u00fameros das c\u00e9dulas de identidade e\u2026","rel":"","context":"Post similar","block_context":{"text":"Post similar","link":""},"img":{"alt_text":"","src":"","width":0,"height":0},"classes":[]}],"_links":{"self":[{"href":"https:\/\/oceanturismo.com.br\/index.php?rest_route=\/wp\/v2\/pages\/3692","targetHints":{"allow":["GET"]}}],"collection":[{"href":"https:\/\/oceanturismo.com.br\/index.php?rest_route=\/wp\/v2\/pages"}],"about":[{"href":"https:\/\/oceanturismo.com.br\/index.php?rest_route=\/wp\/v2\/types\/page"}],"author":[{"embeddable":true,"href":"https:\/\/oceanturismo.com.br\/index.php?rest_route=\/wp\/v2\/users\/1"}],"replies":[{"embeddable":true,"href":"https:\/\/oceanturismo.com.br\/index.php?rest_route=%2Fwp%2Fv2%2Fcomments&post=3692"}],"version-history":[{"count":1,"href":"https:\/\/oceanturismo.com.br\/index.php?rest_route=\/wp\/v2\/pages\/3692\/revisions"}],"predecessor-version":[{"id":3813,"href":"https:\/\/oceanturismo.com.br\/index.php?rest_route=\/wp\/v2\/pages\/3692\/revisions\/3813"}],"wp:featuredmedia":[{"embeddable":true,"href":"https:\/\/oceanturismo.com.br\/index.php?rest_route=\/wp\/v2\/media\/2749"}],"wp:attachment":[{"href":"https:\/\/oceanturismo.com.br\/index.php?rest_route=%2Fwp%2Fv2%2Fmedia&parent=3692"}],"curies":[{"name":"wp","href":"https:\/\/api.w.org\/{rel}","templated":true}]}}