{"id":3693,"date":"2014-10-15T04:16:33","date_gmt":"2014-10-15T04:16:33","guid":{"rendered":"http:\/\/themes.themegoods.com\/altair\/demo\/?page_id=2938"},"modified":"2021-07-02T12:16:47","modified_gmt":"2021-07-02T15:16:47","slug":"quem-somos","status":"publish","type":"page","link":"https:\/\/oceanturismo.com.br\/?page_id=3693","title":{"rendered":"Quem Somos"},"content":{"rendered":"<div class=\"one withsmallpadding \" >\n<div class=\"page_content_wrapper\">\n<div style=\"text-align:center\">\n<h1 style=\"font-size:26px;font-style:italic;font-weight:600;\">Fundada em Outubro de 2016 na cidade de Maring\u00e1 Pr, a Ocean Turismo \u00e9 uma Ag\u00eancia especializada em Viagens de Lazer e Neg\u00f3cios &#8211; Nacionais, Internacionais e Seguro Viagem.<br \/>\n\u00c9 formada por uma equipe de agentes de viagens altamente qualificados com mais de 20 anos de experi\u00eancia.<\/h1>\n<\/div>\n<\/div>\n<div class=\"one withsmallpadding \" style=\"background:#f3f3f3;\" >\n<div class=\"page_content_wrapper\">\n<div class=\"one_fourth\">\n<div class=\"animate_counter_wrapper\"><i class=\"fa fa-smile-o\"><\/i><\/p>\n<div id=\"1625239007221638177\" class=\"odometer\" style=\"font-size:44px;line-height:44px;\">0<\/div>\n<div class=\"count_separator\"><span><\/span><\/div>\n<div class=\"counter_subject\">Clientes Felizes<\/div>\n<\/div>\n<\/div>\n<div class=\"one_fourth\">\n<div class=\"animate_counter_wrapper\"><i class=\"fa fa-bus\"><\/i><\/p>\n<div id=\"16252390071895859406\" class=\"odometer\" style=\"font-size:44px;line-height:44px;\">0<\/div>\n<div class=\"count_separator\"><span><\/span><\/div>\n<div class=\"counter_subject\">Passeios incr\u00edveis<\/div>\n<\/div>\n<\/div>\n<div class=\"one_fourth\">\n<div class=\"animate_counter_wrapper\"><i class=\"fa fa-briefcase\"><\/i><\/p>\n<div id=\"1625239007750875841\" class=\"odometer\" style=\"font-size:44px;line-height:44px;\">0<\/div>\n<div class=\"count_separator\"><span><\/span><\/div>\n<div class=\"counter_subject\">Em neg\u00f3cios<\/div>\n<\/div>\n<\/div>\n<div class=\"one_fourth last\">\n<div class=\"animate_counter_wrapper\"><i class=\"fa fa-comments-o\"><\/i><\/p>\n<div id=\"1625239007821614030\" class=\"odometer\" style=\"font-size:44px;line-height:44px;\">0<\/div>\n<div class=\"count_separator\"><span><\/span><\/div>\n<div class=\"counter_subject\">Casos de Apoio<\/div>\n<\/div>\n<\/div>\n<\/div>\n<\/div>\n<div class=\"one withsmallpadding \" >\n<div class=\"page_content_wrapper\" style=\"text-align:center\">\n<h2 class=\"ppb_title\">O que os clientes dizem<\/h2>\n<p><\/p>\n<div class=\"testimonial_slider_wrapper\">\n<div class=\"flexslider\" data-height=\"750\">\n<ul class=\"slides\">\n<li>\n<div class=\"testimonial_slider_wrapper\">Fui muito bem atendimento, a equipe foi atenciosa e muito prestativa durante toda viagem, recomento totalmente.<\/p>\n<div class=\"testimonial_slider_meta\">\n<h6>Renato Gaspari<\/h6>\n<p>&#8211;<\/p>\n<div class=\"testimonial_slider_meta_company\"><a href=\"https:\/\/maringacorretora.com.br\/\" target=\"_blank\" rel=\"noopener\">Maring\u00e1 PR<\/a><\/div>\n<\/div>\n<\/div>\n<\/li>\n<\/ul>\n<\/div>\n<\/div>\n<\/div>\n<\/div>\n<div class=\"one withsmallpadding withbg parallax\"  data-image=\"http:\/\/themes.themegoods.com\/altair\/demo\/wp-content\/uploads\/2014\/10\/1600x1200-15.jpg\" data-width=\"\" data-height=\"\">\n<div class=\"page_content_wrapper fullwidth\" style=\"text-align:center\">\n<h2 class=\"ppb_title\">Atualiza\u00e7\u00e3o de noticias<\/h2>\n<div class=\"page_caption_desc\">Nossas \u00faltimas not\u00edcias e promo\u00e7\u00f5es<\/div>\n<div id=\"blog_grid_wrapper\" class=\"sidebar_content full_width ppb_blog_posts\" style=\"text-align:left\">\n<div id=\"post-2720\" class=\"post type-post hentry status-publish\">\n<div class=\"post_wrapper grid_layout\" style=\"background-image:url('https:\/\/oceanturismo.com.br\/wp-content\/uploads\/2014\/10\/s01-1-1024x683.jpg');\">\n<div class=\"parallax_overlay_header\"><\/div>\n<div class=\"grid_wrapper\">\n<div class=\"post_header grid\"><a href=\"https:\/\/oceanturismo.com.br\/?p=2720\" title=\"Postagem de blog padr\u00e3o com imagem\"><\/p>\n<h6>Postagem de blog padr\u00e3o com imagem<\/h6>\n<p><\/a><\/p>\n<div class=\"post_detail\">\n\t\t\t        Ativar&nbsp;28 de maio de 2014\n\t\t\t    <\/div>\n<\/p><\/div>\n<\/p><\/div>\n<\/p><\/div>\n<\/div>\n<div id=\"post-1135\" class=\"post type-post hentry status-publish\">\n<div class=\"post_wrapper grid_layout\" style=\"background-image:url('https:\/\/oceanturismo.com.br\/wp-content\/uploads\/2014\/05\/1600x1200-8-1-1024x768.jpg');\">\n<div class=\"parallax_overlay_header\"><\/div>\n<div class=\"grid_wrapper\">\n<div class=\"post_header grid\"><a href=\"https:\/\/oceanturismo.com.br\/?p=1135\" title=\"Postagem incr\u00edvel de largura total\"><\/p>\n<h6>Postagem incr\u00edvel de largura total<\/h6>\n<p><\/a><\/p>\n<div class=\"post_detail\">\n\t\t\t        Ativar&nbsp;26 de maio de 2014\n\t\t\t    <\/div>\n<\/p><\/div>\n<\/p><\/div>\n<\/p><\/div>\n<\/div>\n<div id=\"post-491\" class=\"post type-post hentry status-publish\">\n<div class=\"post_wrapper grid_layout\" style=\"background-image:url('https:\/\/oceanturismo.com.br\/wp-content\/uploads\/2014\/10\/1600x1200-4-1-1024x768.jpg');\">\n<div class=\"parallax_overlay_header\"><\/div>\n<div class=\"grid_wrapper\">\n<div class=\"post_header grid\"><a href=\"https:\/\/oceanturismo.com.br\/?p=491\" title=\"Publicar Link\"><\/p>\n<h6>Publicar Link<\/h6>\n<p><\/a><\/p>\n<div class=\"post_detail\">\n\t\t\t        Ativar&nbsp;19 de maio de 2014\n\t\t\t    <\/div>\n<\/p><\/div>\n<\/p><\/div>\n<\/p><\/div>\n<\/div>\n<div id=\"post-1131\" class=\"post type-post hentry status-publish\">\n<div class=\"post_wrapper grid_layout\" style=\"background-image:url('https:\/\/oceanturismo.com.br\/wp-content\/uploads\/2014\/10\/1600x1200-9-1-1024x768.jpg');\">\n<div class=\"parallax_overlay_header\"><\/div>\n<div class=\"grid_wrapper\">\n<div class=\"post_header grid\"><a href=\"https:\/\/oceanturismo.com.br\/?p=1131\" title=\"Postagem de Cota\u00e7\u00e3o\"><\/p>\n<h6>Postagem de Cota\u00e7\u00e3o<\/h6>\n<p><\/a><\/p>\n<div class=\"post_detail\">\n\t\t\t        Ativar&nbsp;18 de maio de 2014\n\t\t\t    <\/div>\n<\/p><\/div>\n<\/p><\/div>\n<\/p><\/div>\n<\/div>\n<div id=\"post-1133\" class=\"post type-post hentry status-publish\">\n<div class=\"post_wrapper grid_layout\" style=\"background-image:url('https:\/\/oceanturismo.com.br\/wp-content\/uploads\/2014\/10\/paris-opera-night-france-hd-widescreen-wallpapers-1-1024x640.jpg');\">\n<div class=\"parallax_overlay_header\"><\/div>\n<div class=\"grid_wrapper\">\n<div class=\"post_header grid\"><a href=\"https:\/\/oceanturismo.com.br\/?p=1133\" title=\"Postagem da barra lateral com apresenta\u00e7\u00e3o de slides\"><\/p>\n<h6>Postagem da barra lateral com apresenta\u00e7\u00e3o de slides<\/h6>\n<p><\/a><\/p>\n<div class=\"post_detail\">\n\t\t\t        Ativar&nbsp;26 de junho de 2013\n\t\t\t    <\/div>\n<\/p><\/div>\n<\/p><\/div>\n<\/p><\/div>\n<\/div>\n<div id=\"post-489\" class=\"post type-post hentry status-publish\">\n<div class=\"post_wrapper grid_layout\" style=\"background-image:url('https:\/\/oceanturismo.com.br\/wp-content\/uploads\/2014\/10\/1600x1200-12-1-1024x768.jpg');\">\n<div class=\"parallax_overlay_header\"><\/div>\n<div class=\"grid_wrapper\">\n<div class=\"post_header grid\"><a href=\"https:\/\/oceanturismo.com.br\/?p=489\" title=\"Publicar V\u00eddeos do Vimeo\"><\/p>\n<h6>Publicar V\u00eddeos do Vimeo<\/h6>\n<p><\/a><\/p>\n<div class=\"post_detail\">\n\t\t\t        Ativar&nbsp;22 de junho de 2011\n\t\t\t    <\/div>\n<\/p><\/div>\n<\/p><\/div>\n<\/p><\/div>\n<\/div>\n<\/div>\n<p><br class=\"clear\"\/><\/div>\n<\/div>\n","protected":false},"excerpt":{"rendered":"<p>Fundada em Outubro de 2016 na cidade de Maring\u00e1 Pr, a Ocean Turismo \u00e9 uma Ag\u00eancia especializada em Viagens de Lazer e Neg\u00f3cios &#8211; Nacionais, Internacionais e Seguro Viagem. \u00c9 formada por uma equipe de agentes de viagens altamente qualificados com mais de 20 anos de [&hellip;]<\/p>\n","protected":false},"author":1,"featured_media":2941,"parent":0,"menu_order":0,"comment_status":"open","ping_status":"open","template":"page_f.php","meta":{"footnotes":""},"class_list":["post-3693","page","type-page","status-publish","has-post-thumbnail","hentry"],"jetpack_sharing_enabled":true,"jetpack-related-posts":[{"id":3624,"url":"https:\/\/oceanturismo.com.br\/?page_id=3624","url_meta":{"origin":3693,"position":0},"title":"Transporte de animais","author":"galdino.ws","date":"20 de maio de 2021","format":false,"excerpt":"Para transportar animais em viagens \u00e9 necess\u00e1rio seguir normas muito importantes. A primeira delas \u00e9 adquirir o Guia de Transporte Animal (GTA) para viagens em territ\u00f3rio nacional, e o Zoonit\u00e1rio Internacional (ZT) em caso de viagens para o exterior. Para obten\u00e7\u00e3o de ambos deve-se entrar em contato com o Minist\u00e9rio\u2026","rel":"","context":"Post similar","block_context":{"text":"Post similar","link":""},"img":{"alt_text":"","src":"","width":0,"height":0},"classes":[]},{"id":3611,"url":"https:\/\/oceanturismo.com.br\/?page_id=3611","url_meta":{"origin":3693,"position":1},"title":"Atendimento nos aeroportos","author":"galdino.ws","date":"20 de maio de 2021","format":false,"excerpt":"Com presen\u00e7a inovadora, a Service Plus possui um sistema de tecnologia altamente avan\u00e7ado, que permite ao agente de viagens acompanhar todo o atendimento ao seu passageiro, desde a solicita\u00e7\u00e3o at\u00e9 o embarque, totalmente on-line pelo Flytour.com.br S\u00e3o 18 aeroportos em todo o Brasil (Guarulhos, Congonhas, Campinas, Cuiab\u00e1, Porto Alegre, Curitiba,\u2026","rel":"","context":"Post similar","block_context":{"text":"Post similar","link":""},"img":{"alt_text":"","src":"","width":0,"height":0},"classes":[]},{"id":3602,"url":"https:\/\/oceanturismo.com.br\/?page_id=3602","url_meta":{"origin":3693,"position":2},"title":"Dicas para sua viagem","author":"galdino.ws","date":"20 de maio de 2021","format":false,"excerpt":"Viajando com crian\u00e7as Os cuidados em rela\u00e7\u00e3o a crian\u00e7as e adolescentes come\u00e7am na retirada do passaporte, se a viagem for internacional. Todos com menos de 18 anos de idade precisam da autoriza\u00e7\u00e3o expressa dos pais ou dos representantes legais, com firma reconhecida em cart\u00f3rio, n\u00fameros das c\u00e9dulas de identidade e\u2026","rel":"","context":"Post similar","block_context":{"text":"Post similar","link":""},"img":{"alt_text":"","src":"","width":0,"height":0},"classes":[]},{"id":3615,"url":"https:\/\/oceanturismo.com.br\/?page_id=3615","url_meta":{"origin":3693,"position":3},"title":"Direitos do viajante","author":"galdino.ws","date":"20 de maio de 2021","format":false,"excerpt":"Conhe\u00e7a os direitos que, como viajante, nas mais diversas situa\u00e7\u00f5es, voc\u00ea possui em qualquer lugar do mundo. Atraso ou Interrup\u00e7\u00e3o de Voo Atrasos de quatro horas ou mais nos voos permitem o endosso do valor do bilhete e de todas as despesas decorrentes do atraso ou da interrup\u00e7\u00e3o de voos\u2026","rel":"","context":"Post similar","block_context":{"text":"Post similar","link":""},"img":{"alt_text":"","src":"","width":0,"height":0},"classes":[]},{"id":3597,"url":"https:\/\/oceanturismo.com.br\/?page_id=3597","url_meta":{"origin":3693,"position":4},"title":"Sustentabilidade","author":"galdino.ws","date":"20 de maio de 2021","format":false,"excerpt":"Viajamos pelo mundo, questionando o que podemos fazer por ele. Atento ao planeta, \u00e0s pessoas e \u00e0s melhores pr\u00e1ticas corporativas, a Ocean Turismo adota pr\u00e1ticas sustent\u00e1veis alinhadas \u00e0s metas da Agenda 2030 da ONU \u2013 Organiza\u00e7\u00e3o das Na\u00e7\u00f5es Unidas. Isso quer dizer que, al\u00e9m de entendermos a amplitude e alcance\u2026","rel":"","context":"Post similar","block_context":{"text":"Post similar","link":""},"img":{"alt_text":"","src":"","width":0,"height":0},"classes":[]},{"id":3604,"url":"https:\/\/oceanturismo.com.br\/?page_id=3604","url_meta":{"origin":3693,"position":5},"title":"Documenta\u00e7\u00e3o e vistos","author":"galdino.ws","date":"20 de maio de 2021","format":false,"excerpt":"Alertas importantes Leve consigo os endere\u00e7os e telefones das Embaixadas e Consulados brasileiros no seu pa\u00eds de destino. Em caso de dificuldade n\u00e3o hesite em contat\u00e1-las; Caso seja detido por alguma autoridade estrangeira, voc\u00ea tem o direito de pedir para telefonar para sua Embaixada ou Consulado. Fa\u00e7a uso desse direito;\u2026","rel":"","context":"Post similar","block_context":{"text":"Post similar","link":""},"img":{"alt_text":"","src":"","width":0,"height":0},"classes":[]}],"_links":{"self":[{"href":"https:\/\/oceanturismo.com.br\/index.php?rest_route=\/wp\/v2\/pages\/3693","targetHints":{"allow":["GET"]}}],"collection":[{"href":"https:\/\/oceanturismo.com.br\/index.php?rest_route=\/wp\/v2\/pages"}],"about":[{"href":"https:\/\/oceanturismo.com.br\/index.php?rest_route=\/wp\/v2\/types\/page"}],"author":[{"embeddable":true,"href":"https:\/\/oceanturismo.com.br\/index.php?rest_route=\/wp\/v2\/users\/1"}],"replies":[{"embeddable":true,"href":"https:\/\/oceanturismo.com.br\/index.php?rest_route=%2Fwp%2Fv2%2Fcomments&post=3693"}],"version-history":[{"count":6,"href":"https:\/\/oceanturismo.com.br\/index.php?rest_route=\/wp\/v2\/pages\/3693\/revisions"}],"predecessor-version":[{"id":3878,"href":"https:\/\/oceanturismo.com.br\/index.php?rest_route=\/wp\/v2\/pages\/3693\/revisions\/3878"}],"wp:featuredmedia":[{"embeddable":true,"href":"https:\/\/oceanturismo.com.br\/index.php?rest_route=\/wp\/v2\/media\/2941"}],"wp:attachment":[{"href":"https:\/\/oceanturismo.com.br\/index.php?rest_route=%2Fwp%2Fv2%2Fmedia&parent=3693"}],"curies":[{"name":"wp","href":"https:\/\/api.w.org\/{rel}","templated":true}]}}