{"id":3833,"date":"2021-06-24T19:31:19","date_gmt":"2021-06-24T22:31:19","guid":{"rendered":"https:\/\/oceanturismo.com.br\/?page_id=3833"},"modified":"2021-06-24T19:31:19","modified_gmt":"2021-06-24T22:31:19","slug":"termos-de-uso-e-condicoes","status":"publish","type":"page","link":"https:\/\/oceanturismo.com.br\/?page_id=3833","title":{"rendered":"Termos de Uso e Condi\u00e7\u00f5es"},"content":{"rendered":"<p>Os termos abaixo se referem aos servi\u00e7os prestados pelo site da nossa empresa.<\/p>\n<p>1. Por este Termo de Uso, o USU\u00c1RIO fica ciente e concorda que, ao utilizar os servi\u00e7os oferecidos pelo portal da CONTRATADA, aceita automaticamente e integralmente todas as condi\u00e7\u00f5es que constam neste Termo, bem como qualquer de suas altera\u00e7\u00f5es futuras.<\/p>\n<p>2. O USU\u00c1RIO declara ser maior de 18 (dezoito) anos ou estar autorizado expressamente por seus pais ou respons\u00e1veis.<\/p>\n<p>3. O portal da CONTRATADA fornece gratuitamente ao USU\u00c1RIO, um mecanismo de busca avan\u00e7ada e compara\u00e7\u00e3o de pre\u00e7os e servi\u00e7os, a fim de selecionar entre os fornecedores participantes as que cont\u00eam os pre\u00e7os e\/ou servi\u00e7os previamente especificados pelo usu\u00e1rio, apresentando-os para consulta.<\/p>\n<p>4. O portal da CONTRATADA possui um sistema de captura autom\u00e1tica de servi\u00e7os que, periodicamente, busca atualiza\u00e7\u00f5es de pre\u00e7os e novos servi\u00e7os disponibilizados pelos fornecedores. Por\u00e9m, em alguns casos, podem ocorrer diverg\u00eancias entre as informa\u00e7\u00f5es publicadas no site da nossa empresa e as publicadas pelo fornecedor, sendo assim, em caso de diverg\u00eancia, prevalecer\u00e1 o que estiver publicado no site do fornecedor.<\/p>\n<p>4.1 \u00c9 de responsabilidade do USU\u00c1RIO a verifica\u00e7\u00e3o dos pre\u00e7os e descri\u00e7\u00e3o dos servi\u00e7os no site da CONTRATADA.<\/p>\n<p>5. O portal da CONTRATADA \u00e9 um canal de servi\u00e7os tur\u00edstico e de comunica\u00e7\u00e3o virtual de Porto de Galinhas e \u00e9 gratuito aos USU\u00c1RIOS que se destina apenas para pesquisa e apontamento dos fornecedores que cont\u00e9m os servi\u00e7os especificados pelo USU\u00c1RIO.<\/p>\n<p>5.1 A responsabilidade quanto ao atendimento do C\u00f3digo de Defesa do Consumidor \u00e0s normas de direito do consumidor \u00e9 exclusiva dos fornecedores.<\/p>\n<p>6. A CONTRATADA \u00e9 respons\u00e1vel pelos servi\u00e7os oferecidos pelos fornecedores e portanto, se responsabiliza pelos servi\u00e7os existentes no portal da CONTRATADA, inclusive aqueles acessados via hiperlinks.<\/p>\n<p>7. A CONTRATADA n\u00e3o se responsabiliza pelos servi\u00e7os adquiridos em nossa ag\u00eancias f\u00edsicas ou virtuais, seja quanto \u00e0 qualidade, origem e servi\u00e7os dos fornecedores participantes do portal da CONTRATADA.<\/p>\n<p>7.1 A responsabilidade pela venda, pelo transporte e entrega dos voucher ou ticket \u00e9 exclusivamente dos fornecedores.<\/p>\n<p>8. A CONTRATADA poder\u00e1 a qualquer tempo e a seu crit\u00e9rio, retirar qualquer servi\u00e7o ou fornecedor que possa ser interpretado contr\u00e1rio \u00e0s regras de servi\u00e7os da CONTRATADA e\/ou \u00e0s normas legais em vigor. Sites de fornecedores que cont\u00eam informa\u00e7\u00f5es incorretas e\/ou incompletas tamb\u00e9m podem ser suspensos.<\/p>\n<p>9. A CONTRATADA n\u00e3o autoriza a utiliza\u00e7\u00e3o do seu nome, marca ou logotipo para quaisquer fins, portanto, n\u00e3o \u00e9 permitida a publicidade do nome, marca ou logotipo da CONTRATADA em nenhum meio ou ve\u00edculo de propaganda, exceto se pr\u00e9via e expressamente autorizado pelos representantes legais da CONTRATADA e ap\u00f3s as devidas negocia\u00e7\u00f5es.<\/p>\n<p>10. A CONTRATADA pode modificar as regras acima a qualquer momento, o seu exclusivo crit\u00e9rio.<\/p>\n<p>11. Ainda que atualmente nenhuma taxa seja cobrada pela CONTRATADA em raz\u00e3o da presta\u00e7\u00e3o dos servi\u00e7os mencionados neste termo, a qualquer momento a presta\u00e7\u00e3o de tal servi\u00e7o poder\u00e1 vir a ser cobrada pela CONTRATADA, neste caso, caber\u00e1 a CONTRATADA notificar seus USU\u00c1RIOS sobre o valor e a forma de pagamento da taxa que ser\u00e1 praticada para utiliza\u00e7\u00e3o dos servi\u00e7os quando do acesso ao site.<\/p>\n","protected":false},"excerpt":{"rendered":"<p>Os termos abaixo se referem aos servi\u00e7os prestados pelo site da nossa empresa. 1. Por este Termo de Uso, o USU\u00c1RIO fica ciente e concorda que, ao utilizar os servi\u00e7os oferecidos pelo portal da CONTRATADA, aceita automaticamente e integralmente todas as condi\u00e7\u00f5es que constam neste Termo, [&hellip;]<\/p>\n","protected":false},"author":1,"featured_media":0,"parent":0,"menu_order":0,"comment_status":"closed","ping_status":"closed","template":"","meta":{"footnotes":""},"class_list":["post-3833","page","type-page","status-publish","hentry"],"jetpack_sharing_enabled":true,"jetpack-related-posts":[{"id":3,"url":"https:\/\/oceanturismo.com.br\/?page_id=3","url_meta":{"origin":3833,"position":0},"title":"Pol\u00edtica de privacidade","author":"galdino.ws","date":"17 de junho de 2021","format":false,"excerpt":"Quem somos Texto sugerido: O endere\u00e7o do nosso site \u00e9: https:\/\/oceanturismo.com.br. Coment\u00e1rios Texto sugerido: Quando os visitantes deixam coment\u00e1rios no site, coletamos os dados mostrados no formul\u00e1rio de coment\u00e1rios, al\u00e9m do endere\u00e7o de IP e de dados do navegador do visitante, para auxiliar na detec\u00e7\u00e3o de spam. Uma sequ\u00eancia anonimizada\u2026","rel":"","context":"Post similar","block_context":{"text":"Post similar","link":""},"img":{"alt_text":"","src":"","width":0,"height":0},"classes":[]},{"id":3597,"url":"https:\/\/oceanturismo.com.br\/?page_id=3597","url_meta":{"origin":3833,"position":1},"title":"Sustentabilidade","author":"galdino.ws","date":"20 de maio de 2021","format":false,"excerpt":"Viajamos pelo mundo, questionando o que podemos fazer por ele. Atento ao planeta, \u00e0s pessoas e \u00e0s melhores pr\u00e1ticas corporativas, a Ocean Turismo adota pr\u00e1ticas sustent\u00e1veis alinhadas \u00e0s metas da Agenda 2030 da ONU \u2013 Organiza\u00e7\u00e3o das Na\u00e7\u00f5es Unidas. Isso quer dizer que, al\u00e9m de entendermos a amplitude e alcance\u2026","rel":"","context":"Post similar","block_context":{"text":"Post similar","link":""},"img":{"alt_text":"","src":"","width":0,"height":0},"classes":[]},{"id":3817,"url":"https:\/\/oceanturismo.com.br\/?page_id=3817","url_meta":{"origin":3833,"position":2},"title":"Seguro viagem","author":"galdino.ws","date":"24 de junho de 2021","format":false,"excerpt":"O que \u00e9 Seguro Viagem? O\u00a0seguro viagem\u00a0\u00e9 um servi\u00e7o que oferece assist\u00eancia m\u00e9dica e outras coberturas a pessoas em tr\u00e2nsito, seja em destinos nacionais ou internacionais. Ele \u00e9 exigido para a entrada em alguns pa\u00edses, a exemplo dos pa\u00edses europeus que integram o Acordo de Schengen.","rel":"","context":"Post similar","block_context":{"text":"Post similar","link":""},"img":{"alt_text":"","src":"https:\/\/i0.wp.com\/oceanturismo.com.br\/wp-content\/uploads\/2014\/10\/1600x1200-12-1.jpg?fit=1200%2C900&ssl=1&resize=350%2C200","width":350,"height":200,"srcset":"https:\/\/i0.wp.com\/oceanturismo.com.br\/wp-content\/uploads\/2014\/10\/1600x1200-12-1.jpg?fit=1200%2C900&ssl=1&resize=350%2C200 1x, https:\/\/i0.wp.com\/oceanturismo.com.br\/wp-content\/uploads\/2014\/10\/1600x1200-12-1.jpg?fit=1200%2C900&ssl=1&resize=525%2C300 1.5x, https:\/\/i0.wp.com\/oceanturismo.com.br\/wp-content\/uploads\/2014\/10\/1600x1200-12-1.jpg?fit=1200%2C900&ssl=1&resize=700%2C400 2x, https:\/\/i0.wp.com\/oceanturismo.com.br\/wp-content\/uploads\/2014\/10\/1600x1200-12-1.jpg?fit=1200%2C900&ssl=1&resize=1050%2C600 3x"},"classes":[]},{"id":3611,"url":"https:\/\/oceanturismo.com.br\/?page_id=3611","url_meta":{"origin":3833,"position":3},"title":"Atendimento nos aeroportos","author":"galdino.ws","date":"20 de maio de 2021","format":false,"excerpt":"Com presen\u00e7a inovadora, a Service Plus possui um sistema de tecnologia altamente avan\u00e7ado, que permite ao agente de viagens acompanhar todo o atendimento ao seu passageiro, desde a solicita\u00e7\u00e3o at\u00e9 o embarque, totalmente on-line pelo Flytour.com.br S\u00e3o 18 aeroportos em todo o Brasil (Guarulhos, Congonhas, Campinas, Cuiab\u00e1, Porto Alegre, Curitiba,\u2026","rel":"","context":"Post similar","block_context":{"text":"Post similar","link":""},"img":{"alt_text":"","src":"","width":0,"height":0},"classes":[]},{"id":3602,"url":"https:\/\/oceanturismo.com.br\/?page_id=3602","url_meta":{"origin":3833,"position":4},"title":"Dicas para sua viagem","author":"galdino.ws","date":"20 de maio de 2021","format":false,"excerpt":"Viajando com crian\u00e7as Os cuidados em rela\u00e7\u00e3o a crian\u00e7as e adolescentes come\u00e7am na retirada do passaporte, se a viagem for internacional. Todos com menos de 18 anos de idade precisam da autoriza\u00e7\u00e3o expressa dos pais ou dos representantes legais, com firma reconhecida em cart\u00f3rio, n\u00fameros das c\u00e9dulas de identidade e\u2026","rel":"","context":"Post similar","block_context":{"text":"Post similar","link":""},"img":{"alt_text":"","src":"","width":0,"height":0},"classes":[]},{"id":3604,"url":"https:\/\/oceanturismo.com.br\/?page_id=3604","url_meta":{"origin":3833,"position":5},"title":"Documenta\u00e7\u00e3o e vistos","author":"galdino.ws","date":"20 de maio de 2021","format":false,"excerpt":"Alertas importantes Leve consigo os endere\u00e7os e telefones das Embaixadas e Consulados brasileiros no seu pa\u00eds de destino. Em caso de dificuldade n\u00e3o hesite em contat\u00e1-las; Caso seja detido por alguma autoridade estrangeira, voc\u00ea tem o direito de pedir para telefonar para sua Embaixada ou Consulado. Fa\u00e7a uso desse direito;\u2026","rel":"","context":"Post similar","block_context":{"text":"Post similar","link":""},"img":{"alt_text":"","src":"","width":0,"height":0},"classes":[]}],"_links":{"self":[{"href":"https:\/\/oceanturismo.com.br\/index.php?rest_route=\/wp\/v2\/pages\/3833","targetHints":{"allow":["GET"]}}],"collection":[{"href":"https:\/\/oceanturismo.com.br\/index.php?rest_route=\/wp\/v2\/pages"}],"about":[{"href":"https:\/\/oceanturismo.com.br\/index.php?rest_route=\/wp\/v2\/types\/page"}],"author":[{"embeddable":true,"href":"https:\/\/oceanturismo.com.br\/index.php?rest_route=\/wp\/v2\/users\/1"}],"replies":[{"embeddable":true,"href":"https:\/\/oceanturismo.com.br\/index.php?rest_route=%2Fwp%2Fv2%2Fcomments&post=3833"}],"version-history":[{"count":1,"href":"https:\/\/oceanturismo.com.br\/index.php?rest_route=\/wp\/v2\/pages\/3833\/revisions"}],"predecessor-version":[{"id":3834,"href":"https:\/\/oceanturismo.com.br\/index.php?rest_route=\/wp\/v2\/pages\/3833\/revisions\/3834"}],"wp:attachment":[{"href":"https:\/\/oceanturismo.com.br\/index.php?rest_route=%2Fwp%2Fv2%2Fmedia&parent=3833"}],"curies":[{"name":"wp","href":"https:\/\/api.w.org\/{rel}","templated":true}]}}